{"id":8629,"date":"2020-10-02T08:25:00","date_gmt":"2020-10-02T06:25:00","guid":{"rendered":"https:\/\/bollerup-jensen.dk\/shop\/?page_id=8629"},"modified":"2023-05-15T09:03:51","modified_gmt":"2023-05-15T07:03:51","slug":"handelsbetingelser","status":"publish","type":"page","link":"https:\/\/bollerup-jensen.dk\/shop\/handelsbetingelser\/","title":{"rendered":"Handelsbetingelser"},"content":{"rendered":"\t\t<div data-elementor-type=\"wp-page\" data-elementor-id=\"8629\" class=\"elementor elementor-8629\" data-elementor-post-type=\"page\">\n\t\t\t\t\t\t<section class=\"elementor-section elementor-top-section elementor-element elementor-element-d03a361 elementor-section-boxed elementor-section-height-default elementor-section-height-default\" data-id=\"d03a361\" data-element_type=\"section\" data-e-type=\"section\" data-settings=\"{&quot;jet_parallax_layout_list&quot;:[{&quot;jet_parallax_layout_image&quot;:{&quot;url&quot;:&quot;&quot;,&quot;id&quot;:&quot;&quot;,&quot;size&quot;:&quot;&quot;},&quot;_id&quot;:&quot;380932d&quot;,&quot;jet_parallax_layout_image_tablet&quot;:{&quot;url&quot;:&quot;&quot;,&quot;id&quot;:&quot;&quot;,&quot;size&quot;:&quot;&quot;},&quot;jet_parallax_layout_image_mobile&quot;:{&quot;url&quot;:&quot;&quot;,&quot;id&quot;:&quot;&quot;,&quot;size&quot;:&quot;&quot;},&quot;jet_parallax_layout_speed&quot;:{&quot;unit&quot;:&quot;%&quot;,&quot;size&quot;:50,&quot;sizes&quot;:[]},&quot;jet_parallax_layout_type&quot;:&quot;scroll&quot;,&quot;jet_parallax_layout_direction&quot;:&quot;1&quot;,&quot;jet_parallax_layout_fx_direction&quot;:null,&quot;jet_parallax_layout_z_index&quot;:&quot;&quot;,&quot;jet_parallax_layout_bg_x&quot;:50,&quot;jet_parallax_layout_bg_x_tablet&quot;:&quot;&quot;,&quot;jet_parallax_layout_bg_x_mobile&quot;:&quot;&quot;,&quot;jet_parallax_layout_bg_y&quot;:50,&quot;jet_parallax_layout_bg_y_tablet&quot;:&quot;&quot;,&quot;jet_parallax_layout_bg_y_mobile&quot;:&quot;&quot;,&quot;jet_parallax_layout_bg_size&quot;:&quot;auto&quot;,&quot;jet_parallax_layout_bg_size_tablet&quot;:&quot;&quot;,&quot;jet_parallax_layout_bg_size_mobile&quot;:&quot;&quot;,&quot;jet_parallax_layout_animation_prop&quot;:&quot;transform&quot;,&quot;jet_parallax_layout_on&quot;:[&quot;desktop&quot;,&quot;tablet&quot;]}]}\">\n\t\t\t\t\t\t<div class=\"elementor-container elementor-column-gap-default\">\n\t\t\t\t\t<div class=\"elementor-column elementor-col-100 elementor-top-column elementor-element elementor-element-c7f0ad1\" data-id=\"c7f0ad1\" data-element_type=\"column\" data-e-type=\"column\">\n\t\t\t<div class=\"elementor-widget-wrap elementor-element-populated\">\n\t\t\t\t\t\t<div class=\"elementor-element elementor-element-2dcf927 elementor-widget__width-auto elementor-widget elementor-widget-global elementor-global-9309 elementor-widget-breadcrumbs\" data-id=\"2dcf927\" data-element_type=\"widget\" data-e-type=\"widget\" data-widget_type=\"breadcrumbs.default\">\n\t\t\t\t<div class=\"elementor-widget-container\">\n\t\t\t\t\t<p id=\"breadcrumbs\"><\/p>\t\t\t\t<\/div>\n\t\t\t\t<\/div>\n\t\t\t\t<div class=\"elementor-element elementor-element-8f2a74c elementor-widget elementor-widget-heading\" data-id=\"8f2a74c\" data-element_type=\"widget\" data-e-type=\"widget\" data-widget_type=\"heading.default\">\n\t\t\t\t<div class=\"elementor-widget-container\">\n\t\t\t\t\t<h1 class=\"elementor-heading-title elementor-size-default\">Handelsbetingelser<\/h1>\t\t\t\t<\/div>\n\t\t\t\t<\/div>\n\t\t\t\t<div class=\"elementor-element elementor-element-f305bea elementor-widget elementor-widget-text-editor\" data-id=\"f305bea\" data-element_type=\"widget\" data-e-type=\"widget\" data-widget_type=\"text-editor.default\">\n\t\t\t\t<div class=\"elementor-widget-container\">\n\t\t\t\t\t\t\t\t\t<p>Nedenfor kan du finde de generelle vilk\u00e5r for handel med Bollerup Jensen webshop. Vi opfordrer til, at du l\u00e6ser dem grundigt igennem, inden du gennemf\u00f8rer et k\u00f8b.<\/p><h5>Virksomhedsoplysninger<\/h5><p>www.bollerupjensen.dk og www.bollerup-jensen.dk er ejet af Bollerup Jensen A\/S, CVR: 12516800.<\/p><p>Mens BMB ApS st\u00e5r for salg via hjemmesiden:<\/p><p>BMB ApS (herefter: Bollerup Jensen Webshop)<br \/>S\u00f8nderbyvej 33<br \/>6731 Tj\u00e6reborg<br \/>Danmark<\/p><p>CVR: 32270700<\/p><h5>Priser og betaling<\/h5><p>Alle bel\u00f8b er i DKK, danske kroner og er inkl. 25% moms.<br \/>Der tages forbehold for trykfejl, kurs- og pris\u00e6ndringer samt tekniske fejl.<\/p><p>Webshoppen modtager betaling med f\u00f8lgende betalingskort: Dankort, VISA, Visa Electron, MasterCard, Maestro, MobilePay, Apple Pay, Google Pay som angivet p\u00e5 hjemmesiden. Betalingen vil f\u00f8rst blive trukket p\u00e5 din konto, n\u00e5r varen afsendes.<\/p><p>Vores betalingsl\u00f8sning er baseret p\u00e5 SSL-standarden, hvilket betyder, at de oplysninger du afgiver i forbindelse med din betaling, er beskyttet ved kryptering. Som krypteringsform ved elektronisk handel er SSL-standarden almindeligt udbredt og betragtes som en meget sikker l\u00f8sning.<\/p><h5>Levering<\/h5><p>Vi sender alle ordrer med Danske Fragtm\u00e6nd.<\/p><p>Ved k\u00f8b over 500 kr. inkl. moms, gives der gratis fragt p\u00e5 ordren* (enkelte st\u00f8rre varer kan ikke sendes med alm. postpakke og er ikke omfattet af gratis fragt).<\/p><p>Pakker st\u00f8rre end 5 liters dunke (10 liters dunke og opefter) h\u00e5ndteres af Danske Fragtm\u00e6nd, og der kan derfor ved valg af leveringsform kun v\u00e6lges levering med enten vognmand eller afhentning hos Bollerup Jensen Webshop, BMB ApS, S\u00f8nderbyvej 33, 6731 Tj\u00e6reborg.<\/p><p>N\u00e5r du har f\u00e5et en ordrebekr\u00e6ftelse, h\u00e5ndteres orden hurtigst muligt, og har en leveringstid p\u00e5 op til 5 arbejdsdage. Der kan g\u00e6lde andre leveringstider for store ordrer, men ring og h\u00f8r n\u00e6rmere ang\u00e5ende disse.<\/p><p>Ved uafhentede pakker hos en pakkeshop, st\u00e5r kunden selv for en eventuel fragt til gensendelse af pakken.<\/p><h5>Ansvar<\/h5><p>Bollerup Jensen webshop tager forbehold for eventuelle afgifts\u00e6ndringer, pris- og korrekturfejl, tekniske fejl, udsolgte varer og force majeure, herunder arbejdskonflikt og mangler ved forsinkelse af leverancer fra underleverand\u00f8rer.<\/p><p>Produkter skal anvendes efter de anbefalinger, der fremg\u00e5r p\u00e5 produktet og sikkerhedsdatabladet. For produktansvar g\u00e6lder de til enhver tid g\u00e6ldende regler i dansk ret.<\/p><h5>Reklamationsret<\/h5><p>Der gives 2 \u00e5r reklamationsret i henhold til k\u00f8beloven. Vores reklamationsret g\u00e6lder for fejl i materiale og\/eller fabrikation.<\/p><p>Produktet skal anvendes efter de anbefalinger, der fremg\u00e5r p\u00e5 produktet og sikkerhedsdatabladet. Reklamationen g\u00e6lder ikke fejl eller skader beg\u00e5et ved forkert betjening af produktet.<\/p><p>Bollerup Jensen d\u00e6kker returneringsomkostninger i et rimeligt omfang.<\/p><p>Ved reklamation rettes henvendelse til og reklamationer sendes til:<\/p><p><span style=\"color: var( --e-global-color-text ); font-family: var( --e-global-typography-text-font-family ), Sans-serif; font-size: var( --e-global-typography-text-font-size );\">Bollerup Jensen Webshop:<br \/>C\/O BMB ApS<br \/><\/span><span style=\"color: var( --e-global-color-text ); font-family: var( --e-global-typography-text-font-family ), Sans-serif; font-size: var( --e-global-typography-text-font-size );\">S\u00f8nderbyvej 33<br \/>6731 Tj\u00e6reborg<br \/>Telefon: +45 70 60 51 62<\/span><\/p><p>Mail: salg@bollerup-jensen.dk<\/p><p>Der modtages ikke pakker sendt pr. efterkrav.<\/p><h5>Returnering af varer<\/h5><p>Som forbruger har du fortrydelsesret. Fra ordrens modtagelse, har du 14 dage til at meddele os, at du fortryder k\u00f8bet, og herefter 14 dage til at sende pakken retur. Hvis den sidste dag for brug af din returret falder p\u00e5 en helligdag, udl\u00f8ber fristen den f\u00f8lgende hverdag. Det er tilstr\u00e6kkeligt for rettidig returnering, at du har overgivet varerne til en selvst\u00e6ndig fragtf\u00f8rer senest p\u00e5 sidste dagen. Husk at sikre dig en kvittering for, at pakken er sendt.<\/p><p>N\u00e5r du benytter dig af vores fortrydelsesret, skal du selv betale fragten retur til os.<\/p><p>N\u00e5r du returnerer en returvare, skal du angive ordrenummer p\u00e5 pakken, og vedl\u00e6gge en kopi af faktura eller ordrebekr\u00e6ftelse for varen. Du h\u00e6fter for transportskader ved returnering, s\u00e5 s\u00f8rg for at returvarerne er forsvarligt pakket ind.<\/p><p>Ved modtagelsen af dine returvarer, unders\u00f8ges de inden tilbagebetaling af k\u00f8bsprisen. Pengene inds\u00e6ttes p\u00e5 det betalingskort du har betalt ordren med. Vi bestr\u00e6ber os p\u00e5 at returnere pengene til dig inden for 7 arbejdsdage, efter at vi har modtaget varerne fra dig. Det er ikke muligt at f\u00e5 overf\u00f8rt returbel\u00f8bet til en anden konto.<\/p><p>Hvis vi ikke mener, at betingelserne for fortrydelsesretten er opfyldt, s\u00e5 kontakter vi dig, og angiver \u00e5rsagen. Hvis vi ikke kan anerkende din ret til returnering, skal du selv hente dine varer igen, eller betale for en eventuel fragt retur til dig. Henter du ikke dine varer, vil vi opbevare dem i 30 dage fra den dag, vi endeligt har afvist at tilbagebetale dig pengene. Herefter destrueres dine varer.<\/p><p>Du kan ikke fortryde ved blot at n\u00e6gte modtagelse af varen, uden samtidig at give tydelig meddelelse herom.<\/p><p>Ved brug af fortrydelsesretten, sendes varer retur til:<\/p><p>Bollerup Jensen Webshop<span style=\"color: var( --e-global-color-text ); font-family: var( --e-global-typography-text-font-family ), Sans-serif; font-size: var( --e-global-typography-text-font-size );\"><br \/>C\/O BMB ApS<br \/>S\u00f8nderbyvej 33<br \/>6731 Tj\u00e6reborg<\/span><\/p><p><span style=\"color: var( --e-global-color-text ); font-family: var( --e-global-typography-text-font-family ), Sans-serif; font-size: var( --e-global-typography-text-font-size );\">Telefon: +45 7060 5162<\/span><\/p><p>Mail: salg@bollerup-jensen.dk<\/p><p>Der modtages ikke pakker sendt pr. efterkrav.<\/p><h5>Databehandling<\/h5><p>Oplysninger afgivet p\u00e5 www.bollerupjensen.dk eller www.bollerup-jensen.dk videregives eller s\u00e6lges p\u00e5 ingen m\u00e5de videre til tredjemand.<\/p><p>Du har altid ret til oplysninger registreret hos www.bollerupjensen.dk eller www.bollerup-jensen.dk. Du har ogs\u00e5 ret til indsigt i, hvilke oplysninger, der er registreret om dig. Disse rettigheder har du efter Persondataloven og henvendelse i forbindelse hermed rettes til salg@bollerup-jensen.dk<\/p><h5>Klagemuligheder<\/h5><p>Har du en klage over et produkt k\u00f8bt i vores webshop, kan du i f\u00f8rste omgang rette en henvendelse til BMB ApS via email:<\/p><p>Telefon: +45 70605162<br \/>Mail: salg@bollerup-jensen.dk<\/p><p>L\u00e6s mere om klagepolitikken her: <a href=\"http:\/\/ec.europa.eu\/consumers\/odr\/\" target=\"_blank\" rel=\"noopener\">http:\/\/ec.europa.eu\/consumers\/odr\/<\/a><\/p><h5>Kontakt<\/h5><p>Hvis du ikke har fundet svar p\u00e5 det du ledte efter, er du altid velkommen til at kontakte os p\u00e5 enten telefon eller mail.<\/p><p>Telefon: +45 7060 5162<br \/>Mail: salg@bollerup-jensen.dk<\/p><p>Henvendelser der ikke er relateret til kundeservice eller reklamationer kan ogs\u00e5 sendes til Bollerup Jensen Webshop p\u00e5 salg@bollerup-jensen.dk<\/p><h5>\u00c6ndringer<\/h5><p>Bollerup Jensen forbeholder sig ret til at \u00e6ndre og opdatere de regler og betingelser, der g\u00e6lder for www.bollerupjensen.dk og www.bollerup-jensen.dk. Det er derfor vigtigt, at du l\u00f8bende holder dig orienteret om der er sket \u00e6ndringer.<\/p>\t\t\t\t\t\t\t\t<\/div>\n\t\t\t\t<\/div>\n\t\t\t\t\t<\/div>\n\t\t<\/div>\n\t\t\t\t\t<\/div>\n\t\t<\/section>\n\t\t\t\t<\/div>\n\t\t","protected":false},"excerpt":{"rendered":"<p>Handelsbetingelser Nedenfor kan du finde de generelle vilk\u00e5r for handel med Bollerup Jensen webshop. Vi opfordrer til, at du l\u00e6ser dem grundigt igennem, inden du gennemf\u00f8rer et k\u00f8b. Virksomhedsoplysninger www.bollerupjensen.dk og www.bollerup-jensen.dk er ejet af Bollerup Jensen A\/S, CVR: 12516800. Mens BMB ApS st\u00e5r for salg via hjemmesiden: BMB ApS (herefter: Bollerup Jensen Webshop)S\u00f8nderbyvej 336731 [&hellip;]<\/p>\n","protected":false},"author":23,"featured_media":0,"parent":0,"menu_order":0,"comment_status":"closed","ping_status":"closed","template":"","meta":{"_acf_changed":false,"footnotes":""},"class_list":["post-8629","page","type-page","status-publish","hentry"],"acf":[],"_links":{"self":[{"href":"https:\/\/bollerup-jensen.dk\/shop\/wp-json\/wp\/v2\/pages\/8629","targetHints":{"allow":["GET"]}}],"collection":[{"href":"https:\/\/bollerup-jensen.dk\/shop\/wp-json\/wp\/v2\/pages"}],"about":[{"href":"https:\/\/bollerup-jensen.dk\/shop\/wp-json\/wp\/v2\/types\/page"}],"author":[{"embeddable":true,"href":"https:\/\/bollerup-jensen.dk\/shop\/wp-json\/wp\/v2\/users\/23"}],"replies":[{"embeddable":true,"href":"https:\/\/bollerup-jensen.dk\/shop\/wp-json\/wp\/v2\/comments?post=8629"}],"version-history":[{"count":5,"href":"https:\/\/bollerup-jensen.dk\/shop\/wp-json\/wp\/v2\/pages\/8629\/revisions"}],"predecessor-version":[{"id":21274,"href":"https:\/\/bollerup-jensen.dk\/shop\/wp-json\/wp\/v2\/pages\/8629\/revisions\/21274"}],"wp:attachment":[{"href":"https:\/\/bollerup-jensen.dk\/shop\/wp-json\/wp\/v2\/media?parent=8629"}],"curies":[{"name":"wp","href":"https:\/\/api.w.org\/{rel}","templated":true}]}}