{"id":9995,"date":"2020-10-07T14:50:29","date_gmt":"2020-10-07T12:50:29","guid":{"rendered":"https:\/\/bollerup-jensen.dk\/shop\/?page_id=9995"},"modified":"2022-11-25T14:46:15","modified_gmt":"2022-11-25T13:46:15","slug":"cookie-og-privatlivspolitik","status":"publish","type":"page","link":"https:\/\/bollerup-jensen.dk\/shop\/cookie-og-privatlivspolitik\/","title":{"rendered":"Cookie og privatlivspolitik"},"content":{"rendered":"\t\t<div data-elementor-type=\"wp-page\" data-elementor-id=\"9995\" class=\"elementor elementor-9995\" data-elementor-post-type=\"page\">\n\t\t\t\t\t\t<section class=\"elementor-section elementor-top-section elementor-element elementor-element-2b59a20 elementor-section-boxed elementor-section-height-default elementor-section-height-default\" data-id=\"2b59a20\" data-element_type=\"section\" data-e-type=\"section\" data-settings=\"{&quot;jet_parallax_layout_list&quot;:[{&quot;jet_parallax_layout_image&quot;:{&quot;url&quot;:&quot;&quot;,&quot;id&quot;:&quot;&quot;,&quot;size&quot;:&quot;&quot;},&quot;_id&quot;:&quot;380932d&quot;,&quot;jet_parallax_layout_image_tablet&quot;:{&quot;url&quot;:&quot;&quot;,&quot;id&quot;:&quot;&quot;,&quot;size&quot;:&quot;&quot;},&quot;jet_parallax_layout_image_mobile&quot;:{&quot;url&quot;:&quot;&quot;,&quot;id&quot;:&quot;&quot;,&quot;size&quot;:&quot;&quot;},&quot;jet_parallax_layout_speed&quot;:{&quot;unit&quot;:&quot;%&quot;,&quot;size&quot;:50,&quot;sizes&quot;:[]},&quot;jet_parallax_layout_type&quot;:&quot;scroll&quot;,&quot;jet_parallax_layout_direction&quot;:&quot;1&quot;,&quot;jet_parallax_layout_fx_direction&quot;:null,&quot;jet_parallax_layout_z_index&quot;:&quot;&quot;,&quot;jet_parallax_layout_bg_x&quot;:50,&quot;jet_parallax_layout_bg_x_tablet&quot;:&quot;&quot;,&quot;jet_parallax_layout_bg_x_mobile&quot;:&quot;&quot;,&quot;jet_parallax_layout_bg_y&quot;:50,&quot;jet_parallax_layout_bg_y_tablet&quot;:&quot;&quot;,&quot;jet_parallax_layout_bg_y_mobile&quot;:&quot;&quot;,&quot;jet_parallax_layout_bg_size&quot;:&quot;auto&quot;,&quot;jet_parallax_layout_bg_size_tablet&quot;:&quot;&quot;,&quot;jet_parallax_layout_bg_size_mobile&quot;:&quot;&quot;,&quot;jet_parallax_layout_animation_prop&quot;:&quot;transform&quot;,&quot;jet_parallax_layout_on&quot;:[&quot;desktop&quot;,&quot;tablet&quot;]}]}\">\n\t\t\t\t\t\t<div class=\"elementor-container elementor-column-gap-default\">\n\t\t\t\t\t<div class=\"elementor-column elementor-col-100 elementor-top-column elementor-element elementor-element-6bbea4f\" data-id=\"6bbea4f\" data-element_type=\"column\" data-e-type=\"column\">\n\t\t\t<div class=\"elementor-widget-wrap elementor-element-populated\">\n\t\t\t\t\t\t<div class=\"elementor-element elementor-element-082639d elementor-widget__width-auto elementor-widget elementor-widget-global elementor-global-9309 elementor-widget-breadcrumbs\" data-id=\"082639d\" data-element_type=\"widget\" data-e-type=\"widget\" data-widget_type=\"breadcrumbs.default\">\n\t\t\t\t<div class=\"elementor-widget-container\">\n\t\t\t\t\t<p id=\"breadcrumbs\"><\/p>\t\t\t\t<\/div>\n\t\t\t\t<\/div>\n\t\t\t\t<div class=\"elementor-element elementor-element-8d5f5fb elementor-widget elementor-widget-heading\" data-id=\"8d5f5fb\" data-element_type=\"widget\" data-e-type=\"widget\" data-widget_type=\"heading.default\">\n\t\t\t\t<div class=\"elementor-widget-container\">\n\t\t\t\t\t<h1 class=\"elementor-heading-title elementor-size-default\">Cookie- &amp; privatlivspolitik<\/h1>\t\t\t\t<\/div>\n\t\t\t\t<\/div>\n\t\t\t\t<div class=\"elementor-element elementor-element-1ab76ea elementor-widget elementor-widget-text-editor\" data-id=\"1ab76ea\" data-element_type=\"widget\" data-e-type=\"widget\" data-widget_type=\"text-editor.default\">\n\t\t\t\t<div class=\"elementor-widget-container\">\n\t\t\t\t\t\t\t\t\t<h5>Introduktion<\/h5>\n<p>N\u00e5r du bes\u00f8ger vores website indsamles der oplysninger om dig, som bruges til at tilpasse og forbedre vores indhold og til at \u00f8ge v\u00e6rdien af de annoncer, der vises p\u00e5 siden. Hvis du ikke \u00f8nsker, at der indsamles oplysninger, b\u00f8r du slette dine cookies (se vejledning) og undlade videre brug af websitet. Nedenfor har vi uddybet, hvilke informationer der indsamles, deres form\u00e5l og hvilke tredjeparter, der har adgang til dem.<\/p>\n<h5>Cookies<\/h5>\n<p>Websitet anvender \u201dcookies\u201d, der er en tekstfil, som gemmes p\u00e5 din computer, mobil el. tilsvarende med det form\u00e5l at genkende den, huske indstillinger, udf\u00f8re statistik og m\u00e5lrette annoncer. Cookies kan ikke indeholde skadelig kode som f.eks. virus.<\/p>\n<p>Det er muligt at slette eller blokere for cookies. Se vejledning: <a href=\"http:\/\/minecookies.org\/cookiehandtering\" target=\"_blank\" rel=\"noopener\">http:\/\/minecookies.org\/cookiehandtering<\/a><\/p>\n<p>Hvis du sletter eller blokerer cookies vil annoncer kunne blive mindre relevante for dig og optr\u00e6de hyppigere. Du kan desuden risikere at websitet ikke fungerer optimalt samt at der er indhold, du ikke kan f\u00e5 adgang til.<\/p>\n<p>Websitet indeholder cookies fra tredjeparter, der i varierende omfang kan omfatte:<\/p>\n<ul>\n<li>http:\/\/google.com<\/li>\n<li>http:\/\/facebook.com\n<\/li>\n<\/ul>\n<h5>Personoplysninger<\/h5>\n<p>Personoplysninger er alle slags informationer, der i et eller andet omfang kan henf\u00f8res til dig. N\u00e5r du benytter vores website indsamler og behandler vi en r\u00e6kke s\u00e5danne informationer. Det sker f.eks. ved alm. tilgang af indhold, hvis du tilmelder dig vores nyhedsbrev, deltager i konkurrencer eller unders\u00f8gelser, registrerer dig som bruger eller abonnent, \u00f8vrig brug af services eller foretager k\u00f8b via websitet.<\/p>\n<p>Vi indsamler og behandler typisk f\u00f8lgende typer af oplysninger: Et unikt ID og tekniske oplysninger om din computer, tablet eller mobiltelefon, dit IP-nummer, geografisk placering, samt hvilke sider du klikker p\u00e5 (interesser). I det omfang du selv giver eksplicit samtykke hertil og selv indtaster informationerne behandles desuden: Navn, telefonnummer, e-mail, adresse og betalingsoplysninger. Det vil typisk v\u00e6re i forbindelse med oprettelse af login eller ved k\u00f8b.<\/p>\n<h5>Sikkerhed<\/h5>\n<p>Vi har truffet tekniske og organisatoriske foranstaltninger mod, at dine oplysninger h\u00e6ndeligt eller ulovligt bliver slettet, offentliggjort, fortabt, forringet eller kommer til uvedkommendes kendskab, misbruges eller i \u00f8vrigt behandles i strid med lovgivningen.<\/p>\n<h5>Form\u00e5l<\/h5>\n<p>Oplysningerne bruges til at identificere dig som bruger og vise dig de annoncer, som vil have st\u00f8rst sandsynlighed for at v\u00e6re relevante for dig, at registrere dine k\u00f8b og betalinger, samt at kunne levere de services, du har efterspurgt, som f.eks. at fremsende et nyhedsbrev. Herudover anvender vi oplysningerne til at optimere vores services og indhold.<\/p>\n<h5>Periode for opbevaring<\/h5>\n<p>Oplysningerne opbevares i det tidsrum, der er tilladt i henhold til lovgivningen, og vi sletter dem, n\u00e5r de ikke l\u00e6ngere er n\u00f8dvendige. Perioden afh\u00e6nger af karakteren af oplysningen og baggrunden for opbevaring. Det er derfor ikke muligt at angive en generel tidsramme for, hvorn\u00e5r informationer slettes.<\/p>\n<h5>Videregivelse af oplysninger<\/h5>\n<p>Data om din brug af websitet, hvilke annoncer, du modtager og evt. klikker p\u00e5, geografisk placering, k\u00f8n og alderssegment m.v. videregives til tredjeparter i det omfang disse oplysninger er kendt. Du kan se hvilke tredjeparter, der er tale om, i afsnittet om \u201dCookies\u201d ovenfor. Oplysningerne anvendes til m\u00e5lretning af annoncering.<br>Vi benytter herudover en r\u00e6kke tredjeparter til opbevaring og behandling af data. Disse behandler udelukkende oplysninger p\u00e5 vores vegne og m\u00e5 ikke anvende dem til egne form\u00e5l.<br>Videregivelse af personoplysninger som navn og e-mail m.v. vil kun ske, hvis du giver samtykke til det. Vi anvender kun databehandlere i EU eller i lande, der kan give dine oplysninger en tilstr\u00e6kkelig beskyttelse.<\/p>\n<h5>Indsigt og klager<\/h5>\n<p>Du har ret til at f\u00e5 oplyst, hvilke personoplysninger, vi behandler om dig. Du kan desuden til enhver tid g\u00f8re indsigelse mod, at oplysninger anvendes. Du kan ogs\u00e5 tilbagekalde dit samtykke til, at der bliver behandlet oplysninger om dig. Hvis de oplysninger, der behandles om dig, er forkerte har du ret til at de bliver rettet eller slettet. Henvendelse herom kan ske til: info@bollerup-jensen.dk . Hvis du vil klage over vores behandling af dine personoplysninger, har du ogs\u00e5 mulighed for at tage kontakt til Datatilsynet.<\/p>\n<h5>Udgiver<\/h5>\n<p>Websitet publiceres af:<br><span style=\"color: var( --e-global-color-text ); font-family: var( --e-global-typography-text-font-family ), Sans-serif; font-size: var( --e-global-typography-text-font-size );\">Bollerup Jensen Webshop<br>BMB ApS<br>S\u00f8nderbyvej 33<br>DK-6731 Tj\u00e6reborg<br>CVR: 32 27 07 00<br><br>Telefon: +45 70 60 51 62<br>Email: salg@bollerup-jensen.dk<\/span><\/p><div><span style=\"color: var( --e-global-color-text ); font-family: var( --e-global-typography-text-font-family ), Sans-serif; font-size: var( --e-global-typography-text-font-size );\"><br><\/span><\/div><p>Websitet ejes af:<br>Bollerup Jensen A\/S<br>Bindesb\u00f8lvej 16-20, Aadum<br>DK-6880 Tarm<br>CVR: 12 51 68 00<\/p>\t\t\t\t\t\t\t\t<\/div>\n\t\t\t\t<\/div>\n\t\t\t\t\t<\/div>\n\t\t<\/div>\n\t\t\t\t\t<\/div>\n\t\t<\/section>\n\t\t\t\t<\/div>\n\t\t","protected":false},"excerpt":{"rendered":"<p>Cookie- &#038; privatlivspolitik Introduktion N\u00e5r du bes\u00f8ger vores website indsamles der oplysninger om dig, som bruges til at tilpasse og forbedre vores indhold og til at \u00f8ge v\u00e6rdien af de annoncer, der vises p\u00e5 siden. Hvis du ikke \u00f8nsker, at der indsamles oplysninger, b\u00f8r du slette dine cookies (se vejledning) og undlade videre brug af [&hellip;]<\/p>\n","protected":false},"author":23,"featured_media":0,"parent":0,"menu_order":0,"comment_status":"closed","ping_status":"closed","template":"","meta":{"_acf_changed":false,"footnotes":""},"class_list":["post-9995","page","type-page","status-publish","hentry"],"acf":[],"_links":{"self":[{"href":"https:\/\/bollerup-jensen.dk\/shop\/wp-json\/wp\/v2\/pages\/9995","targetHints":{"allow":["GET"]}}],"collection":[{"href":"https:\/\/bollerup-jensen.dk\/shop\/wp-json\/wp\/v2\/pages"}],"about":[{"href":"https:\/\/bollerup-jensen.dk\/shop\/wp-json\/wp\/v2\/types\/page"}],"author":[{"embeddable":true,"href":"https:\/\/bollerup-jensen.dk\/shop\/wp-json\/wp\/v2\/users\/23"}],"replies":[{"embeddable":true,"href":"https:\/\/bollerup-jensen.dk\/shop\/wp-json\/wp\/v2\/comments?post=9995"}],"version-history":[{"count":5,"href":"https:\/\/bollerup-jensen.dk\/shop\/wp-json\/wp\/v2\/pages\/9995\/revisions"}],"predecessor-version":[{"id":20331,"href":"https:\/\/bollerup-jensen.dk\/shop\/wp-json\/wp\/v2\/pages\/9995\/revisions\/20331"}],"wp:attachment":[{"href":"https:\/\/bollerup-jensen.dk\/shop\/wp-json\/wp\/v2\/media?parent=9995"}],"curies":[{"name":"wp","href":"https:\/\/api.w.org\/{rel}","templated":true}]}}