{"id":18028,"date":"2021-04-23T10:19:37","date_gmt":"2021-04-23T08:19:37","guid":{"rendered":"https:\/\/bollerup-jensen.dk\/shop\/?post_type=product&#038;p=18028"},"modified":"2026-04-29T09:29:17","modified_gmt":"2026-04-29T07:29:17","slug":"cockpitrens-750-ml","status":"publish","type":"product","link":"https:\/\/bollerup-jensen.dk\/shop\/produkt\/bilpleje\/cockpitrens-750-ml\/","title":{"rendered":"Cockpitrens 750 ml"},"content":{"rendered":"<p>Opbevares i original emballage, t\u00e6t lukket, t\u00f8rt, frostfrit og utilg\u00e6ngeligt for b\u00f8rn.<\/p>\n<h3>Indhold Cockpitrens<\/h3>\n<p>750 ml Cockpitrens<br \/>\nVand, polydimethylsiloxan, &lt;5% nonioniske tensider.<\/p>\n<h3>Brugsanvisning<\/h3>\n<p><em>Produktet er dr\u00f8j i brug.<\/em><\/p>\n<ol>\n<li>Spray et tyndt lag Cockpitrens p\u00e5 overfladen.<\/li>\n<li>Pol\u00e9r med en fnugfri klud.<\/li>\n<\/ol>\n<h3>Advarsel<\/h3>\n<p>For\u00e5rsager alvorlig \u00f8jenirritation. Vask h\u00e6nder\/eksponeret hud grundigt efter brug. B\u00e6r \u00f8jenbeskyttelse. Ved vedvarende \u00f8jenirritation: S\u00f8g l\u00e6gehj\u00e6lp. VED KONTAKT MED \u00d8JNENE: Skyl forsigtigt med vand i flere minutter. Fjern eventuelle kontaktlinser, hvis dette kan g\u00f8res let. Forts\u00e6t skylning. Hvis der er brug for l\u00e6gehj\u00e6lp, medbring da beholderen eller etiketten. Opbevares utilg\u00e6ngeligt for b\u00f8rn.<\/p>\n","protected":false},"excerpt":{"rendered":"<p>Cockpitrens er et koncentreret rensemiddel til indvendig plast, gummi og kunststof. Rensen er kraftig fedtopl\u00f8sende og fjerner effektivt nikotin. Der efterlades ingen hinde.<\/p>\n","protected":false},"featured_media":18039,"template":"","meta":{"_acf_changed":false},"product_brand":[],"product_cat":[586],"product_tag":[],"class_list":{"0":"post-18028","1":"product","2":"type-product","3":"status-publish","4":"has-post-thumbnail","6":"product_cat-bilpleje","8":"first","9":"instock","10":"taxable","11":"shipping-taxable","12":"purchasable","13":"product-type-simple"},"acf":[],"_links":{"self":[{"href":"https:\/\/bollerup-jensen.dk\/shop\/wp-json\/wp\/v2\/product\/18028","targetHints":{"allow":["GET"]}}],"collection":[{"href":"https:\/\/bollerup-jensen.dk\/shop\/wp-json\/wp\/v2\/product"}],"about":[{"href":"https:\/\/bollerup-jensen.dk\/shop\/wp-json\/wp\/v2\/types\/product"}],"wp:featuredmedia":[{"embeddable":true,"href":"https:\/\/bollerup-jensen.dk\/shop\/wp-json\/wp\/v2\/media\/18039"}],"wp:attachment":[{"href":"https:\/\/bollerup-jensen.dk\/shop\/wp-json\/wp\/v2\/media?parent=18028"}],"wp:term":[{"taxonomy":"product_brand","embeddable":true,"href":"https:\/\/bollerup-jensen.dk\/shop\/wp-json\/wp\/v2\/product_brand?post=18028"},{"taxonomy":"product_cat","embeddable":true,"href":"https:\/\/bollerup-jensen.dk\/shop\/wp-json\/wp\/v2\/product_cat?post=18028"},{"taxonomy":"product_tag","embeddable":true,"href":"https:\/\/bollerup-jensen.dk\/shop\/wp-json\/wp\/v2\/product_tag?post=18028"}],"curies":[{"name":"wp","href":"https:\/\/api.w.org\/{rel}","templated":true}]}}