{"id":18079,"date":"2021-04-23T10:15:57","date_gmt":"2021-04-23T08:15:57","guid":{"rendered":"https:\/\/bollerup-jensen.dk\/shop\/?post_type=product&#038;p=18079"},"modified":"2026-04-09T04:23:49","modified_gmt":"2026-04-09T02:23:49","slug":"insektfjerner-750-ml","status":"publish","type":"product","link":"https:\/\/bollerup-jensen.dk\/shop\/produkt\/bilpleje\/insektfjerner-750-ml\/","title":{"rendered":"Insektfjerner 750 ml"},"content":{"rendered":"<p>Opbevares i original emballage, t\u00e6t lukket, t\u00f8rt, frostfrit og utilg\u00e6ngeligt for b\u00f8rn.<\/p>\n<h3>Indhold Insektfjerner<\/h3>\n<p>750 ml Insektfjerner<br \/>\nVand, 2-buthoxyethanol, &lt;5% anioniske tensider.<\/p>\n<h3>Brugsanvisning<\/h3>\n<p><em>Produktet er dr\u00f8j i brug.<\/em><\/p>\n<ol>\n<li>Spray et tyndt lag Insektfjerner p\u00e5 overfladen. Lad det virke i 5-10 minutter.<\/li>\n<li>Vask af med lunken vand og en b\u00f8rste.<\/li>\n<li>Pol\u00e9r med en fnugfri klud.<\/li>\n<\/ol>\n","protected":false},"excerpt":{"rendered":"<p>Insektfjerner bruges til effektiv fjernelse af indt\u00f8rrede insekter, sod, trafikfilm og andet snavs. Der efterlades ingen hinde.<\/p>\n","protected":false},"featured_media":18059,"template":"","meta":{"_acf_changed":false},"product_brand":[],"product_cat":[586],"product_tag":[],"class_list":{"0":"post-18079","1":"product","2":"type-product","3":"status-publish","4":"has-post-thumbnail","6":"product_cat-bilpleje","8":"first","9":"instock","10":"taxable","11":"shipping-taxable","12":"purchasable","13":"product-type-simple"},"acf":[],"_links":{"self":[{"href":"https:\/\/bollerup-jensen.dk\/shop\/wp-json\/wp\/v2\/product\/18079","targetHints":{"allow":["GET"]}}],"collection":[{"href":"https:\/\/bollerup-jensen.dk\/shop\/wp-json\/wp\/v2\/product"}],"about":[{"href":"https:\/\/bollerup-jensen.dk\/shop\/wp-json\/wp\/v2\/types\/product"}],"wp:featuredmedia":[{"embeddable":true,"href":"https:\/\/bollerup-jensen.dk\/shop\/wp-json\/wp\/v2\/media\/18059"}],"wp:attachment":[{"href":"https:\/\/bollerup-jensen.dk\/shop\/wp-json\/wp\/v2\/media?parent=18079"}],"wp:term":[{"taxonomy":"product_brand","embeddable":true,"href":"https:\/\/bollerup-jensen.dk\/shop\/wp-json\/wp\/v2\/product_brand?post=18079"},{"taxonomy":"product_cat","embeddable":true,"href":"https:\/\/bollerup-jensen.dk\/shop\/wp-json\/wp\/v2\/product_cat?post=18079"},{"taxonomy":"product_tag","embeddable":true,"href":"https:\/\/bollerup-jensen.dk\/shop\/wp-json\/wp\/v2\/product_tag?post=18079"}],"curies":[{"name":"wp","href":"https:\/\/api.w.org\/{rel}","templated":true}]}}