{"id":18081,"date":"2021-04-23T10:21:11","date_gmt":"2021-04-23T08:21:11","guid":{"rendered":"https:\/\/bollerup-jensen.dk\/shop\/?post_type=product&#038;p=18081"},"modified":"2026-04-09T04:23:47","modified_gmt":"2026-04-09T02:23:47","slug":"faelgrens-750-ml","status":"publish","type":"product","link":"https:\/\/bollerup-jensen.dk\/shop\/produkt\/bilpleje\/faelgrens-750-ml\/","title":{"rendered":"F\u00e6lgrens 750 ml"},"content":{"rendered":"<p>Opbevares i original emballage, t\u00e6t lukket, t\u00f8rt, frostfrit og utilg\u00e6ngeligt for b\u00f8rn.<\/p>\n<h3>Indhold F\u00e6lgrens<\/h3>\n<p>750 ml F\u00e6lgrens<br \/>\nVand, Petroleum, &lt;5%anioniske tensider.<\/p>\n<h3>Brugsanvisning<\/h3>\n<ol>\n<li>F\u00e6lgrensen sprayes p\u00e5 f\u00e6lgen. Lad det virke i 10-15 minutter.<\/li>\n<li>Skrub med en b\u00f8rste, mens f\u00e6lgende skylles grundigt med vand.<\/li>\n<\/ol>\n<h3>Advarsel<\/h3>\n<p>For\u00e5rsager alvorlig \u00f8jenirritation. Vask h\u00e6nder\/eksponeret hud grundigt efter brug. B\u00e6r \u00f8jenbeskyttelse. Ved vedvarende \u00f8jenirritation: S\u00f8g l\u00e6gehj\u00e6lp. VED KONTAKT MED \u00d8JNENE: Skyl forsigtigt med vand i flere minutter. Fjern eventuelle kontaktlinser, hvis dette kan g\u00f8res let. Forts\u00e6t skylning. Hvis der er brug for l\u00e6gehj\u00e6lp, medbring da beholderen eller etiketten. Opbevares utilg\u00e6ngeligt for b\u00f8rn.<\/p>\n","protected":false},"excerpt":{"rendered":"<p>F\u00e6lgrens bruges til effektiv fjernelse af olie, tj\u00e6re, snavs, rustbeskyttelse, asfalt og bremsest\u00f8v p\u00e5 dine f\u00e6lge. Helt uden at skade lak og gummi.<\/p>\n","protected":false},"featured_media":18049,"template":"","meta":{"_acf_changed":false},"product_brand":[],"product_cat":[586],"product_tag":[],"class_list":{"0":"post-18081","1":"product","2":"type-product","3":"status-publish","4":"has-post-thumbnail","6":"product_cat-bilpleje","8":"first","9":"instock","10":"taxable","11":"shipping-taxable","12":"purchasable","13":"product-type-simple"},"acf":[],"_links":{"self":[{"href":"https:\/\/bollerup-jensen.dk\/shop\/wp-json\/wp\/v2\/product\/18081","targetHints":{"allow":["GET"]}}],"collection":[{"href":"https:\/\/bollerup-jensen.dk\/shop\/wp-json\/wp\/v2\/product"}],"about":[{"href":"https:\/\/bollerup-jensen.dk\/shop\/wp-json\/wp\/v2\/types\/product"}],"wp:featuredmedia":[{"embeddable":true,"href":"https:\/\/bollerup-jensen.dk\/shop\/wp-json\/wp\/v2\/media\/18049"}],"wp:attachment":[{"href":"https:\/\/bollerup-jensen.dk\/shop\/wp-json\/wp\/v2\/media?parent=18081"}],"wp:term":[{"taxonomy":"product_brand","embeddable":true,"href":"https:\/\/bollerup-jensen.dk\/shop\/wp-json\/wp\/v2\/product_brand?post=18081"},{"taxonomy":"product_cat","embeddable":true,"href":"https:\/\/bollerup-jensen.dk\/shop\/wp-json\/wp\/v2\/product_cat?post=18081"},{"taxonomy":"product_tag","embeddable":true,"href":"https:\/\/bollerup-jensen.dk\/shop\/wp-json\/wp\/v2\/product_tag?post=18081"}],"curies":[{"name":"wp","href":"https:\/\/api.w.org\/{rel}","templated":true}]}}