{"id":18084,"date":"2021-04-23T10:42:23","date_gmt":"2021-04-23T08:42:23","guid":{"rendered":"https:\/\/bollerup-jensen.dk\/shop\/?post_type=product&#038;p=18084"},"modified":"2025-06-28T00:03:56","modified_gmt":"2025-06-27T22:03:56","slug":"autoboerste","status":"publish","type":"product","link":"https:\/\/bollerup-jensen.dk\/shop\/produkt\/bilpleje\/autoboerste\/","title":{"rendered":"Autob\u00f8rste"},"content":{"rendered":"<ul>\n<li>Autob\u00f8rsten m\u00e5ler 40,5 cm i l\u00e6ngden<\/li>\n<li>Sort skaft<\/li>\n<li>R\u00f8de og gr\u00f8nne 49 mm lange b\u00f8rsteh\u00e5r i PPT-polyesterfibre, der b\u00e5de er bl\u00f8de, spaltede og lakvenlige.<\/li>\n<li>T\u00e5ler 100 grader varmt vand.<\/li>\n<\/ul>\n","protected":false},"excerpt":{"rendered":"<p>Bilb\u00f8rste til reng\u00f8ring af bil eller andre sarte overflader som vinduer eller drivhuse.<\/p>\n","protected":false},"featured_media":18029,"template":"","meta":{"_acf_changed":false},"product_brand":[],"product_cat":[586],"product_tag":[],"class_list":{"0":"post-18084","1":"product","2":"type-product","3":"status-publish","4":"has-post-thumbnail","6":"product_cat-bilpleje","8":"first","9":"instock","10":"taxable","11":"shipping-taxable","12":"purchasable","13":"product-type-simple"},"acf":[],"_links":{"self":[{"href":"https:\/\/bollerup-jensen.dk\/shop\/wp-json\/wp\/v2\/product\/18084","targetHints":{"allow":["GET"]}}],"collection":[{"href":"https:\/\/bollerup-jensen.dk\/shop\/wp-json\/wp\/v2\/product"}],"about":[{"href":"https:\/\/bollerup-jensen.dk\/shop\/wp-json\/wp\/v2\/types\/product"}],"wp:featuredmedia":[{"embeddable":true,"href":"https:\/\/bollerup-jensen.dk\/shop\/wp-json\/wp\/v2\/media\/18029"}],"wp:attachment":[{"href":"https:\/\/bollerup-jensen.dk\/shop\/wp-json\/wp\/v2\/media?parent=18084"}],"wp:term":[{"taxonomy":"product_brand","embeddable":true,"href":"https:\/\/bollerup-jensen.dk\/shop\/wp-json\/wp\/v2\/product_brand?post=18084"},{"taxonomy":"product_cat","embeddable":true,"href":"https:\/\/bollerup-jensen.dk\/shop\/wp-json\/wp\/v2\/product_cat?post=18084"},{"taxonomy":"product_tag","embeddable":true,"href":"https:\/\/bollerup-jensen.dk\/shop\/wp-json\/wp\/v2\/product_tag?post=18084"}],"curies":[{"name":"wp","href":"https:\/\/api.w.org\/{rel}","templated":true}]}}