{"id":18086,"date":"2021-04-23T10:46:37","date_gmt":"2021-04-23T08:46:37","guid":{"rendered":"https:\/\/bollerup-jensen.dk\/shop\/?post_type=product&#038;p=18086"},"modified":"2025-03-11T15:03:40","modified_gmt":"2025-03-11T14:03:40","slug":"faelgboerste","status":"publish","type":"product","link":"https:\/\/bollerup-jensen.dk\/shop\/produkt\/bilpleje\/faelgboerste\/","title":{"rendered":"F\u00e6lgb\u00f8rste"},"content":{"rendered":"<ul>\n<li>F\u00e6lgb\u00f8rsten m\u00e5ler 33 cm, med et b\u00f8rstehoved p\u00e5 17 cm.<\/li>\n<li>Sort skaft<\/li>\n<li>R\u00f8de og gr\u00f8nne stive b\u00f8rster i polyesterfibre.<\/li>\n<\/ul>\n<p>B\u00f8r anvendes forsigtigt p\u00e5 lakerede alu-f\u00e6lge, og f\u00e6lg b\u00f8r ikke v\u00e6re t\u00f8r ved brug af b\u00f8rsten.<\/p>\n","protected":false},"excerpt":{"rendered":"<p>Special f\u00e6lgb\u00f8rste til reng\u00f8ring af alu-f\u00e6lge og hjulkapsler.<\/p>\n<p>&nbsp;<\/p>\n","protected":false},"featured_media":18044,"template":"","meta":{"_acf_changed":false},"product_brand":[],"product_cat":[586],"product_tag":[],"class_list":{"0":"post-18086","1":"product","2":"type-product","3":"status-publish","4":"has-post-thumbnail","6":"product_cat-bilpleje","8":"first","9":"instock","10":"taxable","11":"shipping-taxable","12":"purchasable","13":"product-type-simple"},"acf":[],"_links":{"self":[{"href":"https:\/\/bollerup-jensen.dk\/shop\/wp-json\/wp\/v2\/product\/18086","targetHints":{"allow":["GET"]}}],"collection":[{"href":"https:\/\/bollerup-jensen.dk\/shop\/wp-json\/wp\/v2\/product"}],"about":[{"href":"https:\/\/bollerup-jensen.dk\/shop\/wp-json\/wp\/v2\/types\/product"}],"wp:featuredmedia":[{"embeddable":true,"href":"https:\/\/bollerup-jensen.dk\/shop\/wp-json\/wp\/v2\/media\/18044"}],"wp:attachment":[{"href":"https:\/\/bollerup-jensen.dk\/shop\/wp-json\/wp\/v2\/media?parent=18086"}],"wp:term":[{"taxonomy":"product_brand","embeddable":true,"href":"https:\/\/bollerup-jensen.dk\/shop\/wp-json\/wp\/v2\/product_brand?post=18086"},{"taxonomy":"product_cat","embeddable":true,"href":"https:\/\/bollerup-jensen.dk\/shop\/wp-json\/wp\/v2\/product_cat?post=18086"},{"taxonomy":"product_tag","embeddable":true,"href":"https:\/\/bollerup-jensen.dk\/shop\/wp-json\/wp\/v2\/product_tag?post=18086"}],"curies":[{"name":"wp","href":"https:\/\/api.w.org\/{rel}","templated":true}]}}