{"id":18313,"date":"2021-05-11T10:21:31","date_gmt":"2021-05-11T08:21:31","guid":{"rendered":"https:\/\/bollerup-jensen.dk\/shop\/?post_type=product&#038;p=18313"},"modified":"2026-04-15T13:26:58","modified_gmt":"2026-04-15T11:26:58","slug":"maskinrens-250-ml","status":"publish","type":"product","link":"https:\/\/bollerup-jensen.dk\/shop\/produkt\/husholdning\/maskinrens-250-ml\/","title":{"rendered":"Maskinrens 250 ml"},"content":{"rendered":"<p>Opbevares i original emballage ved temperatur p\u00e5 5-25 grader og beskyttet mod direkte sollys. Opbevares utilg\u00e6ngeligt for b\u00f8rn.<\/p>\n<h3>Indhold<\/h3>\n<p>250 ml maskinrens<\/p>\n<p>&lt;5 nonioniske overfladeaktive stoffer (Fatty Alcohol Polyalkyene Glycol Ether). Aqua, citric Acid, Sodium Citrate, Sodium Cumenesulphonate, parfume, konserveringsmiddel (0-Phenylphenol), 2-Methylpentane-1,5-Diamine, Butyltriglycon.<\/p>\n<p><strong>pH:<\/strong> ca.2,5 (st\u00e6rkt surt).<\/p>\n<h3>Brugsanvisning<\/h3>\n<ul>\n<li>T\u00f8m opvaskemaskinen og reng\u00f8r filtret for st\u00f8rre madrester.<\/li>\n<li>Folien\/klisterm\u00e6rket fjernes fra l\u00e5get &#8211; l\u00e5get skal blive siddende p\u00e5 flasken.<\/li>\n<li>Flasken placeres med bunden i vejret, i den nederste del af opvaskemaskinen.<\/li>\n<li>Start den tomme opvaskemaskine p\u00e5 et normalt program med h\u00f8j temperatur (mindst 65 grader). Varmen smelter gummiproppen i l\u00e5get, s\u00e5 reng\u00f8ringsmidlet kan l\u00f8be ud.<\/li>\n<li>Opvaskemaskinen m\u00e5 ikke \u00e5bnes under reng\u00f8ringen.<\/li>\n<\/ul>\n<p>R\u00e5d: Skyl og t\u00f8r h\u00e6nderne efter kontakt med maskinrens. Har du sart eller overf\u00f8lsom hud, b\u00f8r du bruge gummihandsker.<\/p>\n<h3>Emballagesortering<\/h3>\n<p>Adskil flaske og l\u00e5g. Begge dele sorteres som plast.<\/p>\n<h3>Advarsel<\/h3>\n<p>For\u00e5rsager alvorlig \u00f8jenirritation. Hvis der er brug for l\u00e6gehj\u00e6lp, medbring da beholderen eller etiketten. Opbevares utilg\u00e6ngeligt for b\u00f8rn. VED KONTAKT MED HUDEN: Vask med rigeligt s\u00e6be og vand. VED KONTAKT MED \u00d8JNENE: Skyl forsigtigt med vand i flere minutter. Fjern eventuelle kontaktlinser, hvis dette kan g\u00f8res let. Forts\u00e6t skylning. Ved vedvarende \u00f8jenirritation: S\u00f8g l\u00e6gehj\u00e6lp.<\/p>\n","protected":false},"excerpt":{"rendered":"<p>Vores Maskinrens beskytter opvaskemaskinen, fjerner kalk, fedt og neutraliserer ubehagelig lugt.<\/p>\n<p>250 ml.<\/p>\n","protected":false},"featured_media":18314,"template":"","meta":{"_acf_changed":false},"product_brand":[],"product_cat":[417],"product_tag":[],"class_list":{"0":"post-18313","1":"product","2":"type-product","3":"status-publish","4":"has-post-thumbnail","6":"product_cat-husholdning","8":"first","9":"outofstock","10":"taxable","11":"shipping-taxable","12":"purchasable","13":"product-type-simple"},"acf":[],"_links":{"self":[{"href":"https:\/\/bollerup-jensen.dk\/shop\/wp-json\/wp\/v2\/product\/18313","targetHints":{"allow":["GET"]}}],"collection":[{"href":"https:\/\/bollerup-jensen.dk\/shop\/wp-json\/wp\/v2\/product"}],"about":[{"href":"https:\/\/bollerup-jensen.dk\/shop\/wp-json\/wp\/v2\/types\/product"}],"wp:featuredmedia":[{"embeddable":true,"href":"https:\/\/bollerup-jensen.dk\/shop\/wp-json\/wp\/v2\/media\/18314"}],"wp:attachment":[{"href":"https:\/\/bollerup-jensen.dk\/shop\/wp-json\/wp\/v2\/media?parent=18313"}],"wp:term":[{"taxonomy":"product_brand","embeddable":true,"href":"https:\/\/bollerup-jensen.dk\/shop\/wp-json\/wp\/v2\/product_brand?post=18313"},{"taxonomy":"product_cat","embeddable":true,"href":"https:\/\/bollerup-jensen.dk\/shop\/wp-json\/wp\/v2\/product_cat?post=18313"},{"taxonomy":"product_tag","embeddable":true,"href":"https:\/\/bollerup-jensen.dk\/shop\/wp-json\/wp\/v2\/product_tag?post=18313"}],"curies":[{"name":"wp","href":"https:\/\/api.w.org\/{rel}","templated":true}]}}