{"id":18681,"date":"2021-10-21T08:06:00","date_gmt":"2021-10-21T06:06:00","guid":{"rendered":"https:\/\/bollerup-jensen.dk\/shop\/?post_type=product&#038;p=18681"},"modified":"2026-03-11T12:01:59","modified_gmt":"2026-03-11T11:01:59","slug":"ren-bil-xl-pakke","status":"publish","type":"product","link":"https:\/\/bollerup-jensen.dk\/shop\/produkt\/bilpleje\/ren-bil-xl-pakke\/","title":{"rendered":"Ren bil XL pakke"},"content":{"rendered":"<h4>Autoshampoo<\/h4>\n<p>Autoshampoo er en koncentreret s\u00e6be med voks, der effektivt kan bruges til fjernelse af skidt og snavs p\u00e5 alle biler. Shampooen efterlader bilen med en flot nyvasket glans.<\/p>\n<h4>Cockpitrens<\/h4>\n<p>Cockpitrens er et koncentreret rensemiddel til indvendig plast, gummi og kunststof. Rensen er kraftig fedtopl\u00f8sende og fjerner effektivt nikotin. Der efterlades ingen hinde.<\/p>\n<h4>F\u00e6lgrens<\/h4>\n<p>F\u00e6lgrens bruges til effektiv fjernelse af olie, tj\u00e6re, snavs, rustbeskyttelse, asfalt og bremsest\u00f8v p\u00e5 dine f\u00e6lge. Helt uden at skade lak og gummi.<\/p>\n<h4>Glasrens<\/h4>\n<p>Glasrens bruges effektivt til at fjerne trafikfilm, fedtede fingre, snavs, nikotin og sod. Kan anvendes p\u00e5 vinduer, spejle, autoruder, sanitet, plast og glas. Der efterlades inden hinde.<\/p>\n<h4>Insektfjerner<\/h4>\n<p>Insektfjerner bruges til effektiv fjernelse af indt\u00f8rrede insekter, sod, trafikfilm og andet snavs. Der efterlades ingen hinde.<\/p>\n<h4>Mikrofiberklude<\/h4>\n<p>Bollerup Jensens Mikrofiberklude er i super bl\u00f8d kvalitet og har en unik sugeevne. Og s\u00e5 er de effektive til fedt og indt\u00f8rret snavs.<\/p>\n<h4>Autob\u00f8rste<\/h4>\n<p>Bilb\u00f8rste til reng\u00f8ring af bil eller andre sarte overflader som vinduer eller drivhuse.<\/p>\n","protected":false},"excerpt":{"rendered":"<p>Vi har samlet alle vores super gode og effektive produkter fra vores produktserie REN BIL, og samtidig presset prisen i bund, s\u00e5 du kan f\u00e5 en renere bil!<\/p>\n<p>Indeholder:<\/p>\n<ul>\n<li>Autoshampoo 1 L<\/li>\n<li>Cockpitrens 750 ml<\/li>\n<li>F\u00e6lgrens 750 ml<\/li>\n<li>Glasrens 750 ml<\/li>\n<li>Insektfjerner 750 ml<\/li>\n<li>2 stk Mikrofiberklude<\/li>\n<li>Autob\u00f8rste<\/li>\n<\/ul>\n","protected":false},"featured_media":19030,"template":"","meta":{"_acf_changed":false},"product_brand":[],"product_cat":[586],"product_tag":[],"class_list":{"0":"post-18681","1":"product","2":"type-product","3":"status-publish","4":"has-post-thumbnail","6":"product_cat-bilpleje","8":"first","9":"instock","10":"sale","11":"taxable","12":"shipping-taxable","13":"purchasable","14":"product-type-simple"},"acf":[],"_links":{"self":[{"href":"https:\/\/bollerup-jensen.dk\/shop\/wp-json\/wp\/v2\/product\/18681","targetHints":{"allow":["GET"]}}],"collection":[{"href":"https:\/\/bollerup-jensen.dk\/shop\/wp-json\/wp\/v2\/product"}],"about":[{"href":"https:\/\/bollerup-jensen.dk\/shop\/wp-json\/wp\/v2\/types\/product"}],"wp:featuredmedia":[{"embeddable":true,"href":"https:\/\/bollerup-jensen.dk\/shop\/wp-json\/wp\/v2\/media\/19030"}],"wp:attachment":[{"href":"https:\/\/bollerup-jensen.dk\/shop\/wp-json\/wp\/v2\/media?parent=18681"}],"wp:term":[{"taxonomy":"product_brand","embeddable":true,"href":"https:\/\/bollerup-jensen.dk\/shop\/wp-json\/wp\/v2\/product_brand?post=18681"},{"taxonomy":"product_cat","embeddable":true,"href":"https:\/\/bollerup-jensen.dk\/shop\/wp-json\/wp\/v2\/product_cat?post=18681"},{"taxonomy":"product_tag","embeddable":true,"href":"https:\/\/bollerup-jensen.dk\/shop\/wp-json\/wp\/v2\/product_tag?post=18681"}],"curies":[{"name":"wp","href":"https:\/\/api.w.org\/{rel}","templated":true}]}}