{"id":2386,"date":"2017-01-13T00:00:00","date_gmt":"2017-01-12T23:00:00","guid":{"rendered":"https:\/\/bollerup-jensen.dk\/shop\/produkter\/Ikke%20kategoriseret\/fliserens\/"},"modified":"2026-04-09T08:06:15","modified_gmt":"2026-04-09T06:06:15","slug":"fliserens","status":"publish","type":"product","link":"https:\/\/bollerup-jensen.dk\/shop\/produkt\/terrasse\/flisebehandling\/fliserens\/","title":{"rendered":"Fliserens (koncentreret)"},"content":{"rendered":"<h2><span style=\"font-weight: 400\">FORNY FLISERNES UDSEENDE<\/span><\/h2>\n<p><span style=\"font-weight: 400\">Skidt og u\u00f8nskede bel\u00e6gninger forsvinder let, n\u00e5r du starter med vores Fliserens. Fej og skyl fliserne grundigt, s\u00e5 alt l\u00f8st snavs er fjernet. Fordel den opblandede fliserens med en spr\u00f8jte og skrub det godt ind i overfladen med en kost. Lad det herefter arbejde i 30 minutter. S\u00e5 skrubber du grundigt med en stiv kost, og n\u00e5r du har skyllet fliserne rene for opl\u00f8st snavs og fliserens, ser de godt ud igen. Vi anbefaler efterf\u00f8lgende en impr\u00e6gnering med <\/span><a href=\"https:\/\/bollerup-jensen.dk\/shop\/produkt\/fliseimpraegnering-25-liter\/\"><span style=\"font-weight: 400\">Bollerup Jensen Fliseimpr\u00e6gnering<\/span><\/a><span style=\"font-weight: 400\">.<\/span><\/p>\n<h3><b>INDHOLD<\/b><\/h3>\n<p><span style=\"font-weight: 400\">Koncentreret v\u00e6ske.<\/span><\/p>\n<p><span style=\"font-weight: 400\">S\u00e6be 5-15%<\/span><\/p>\n<h3><b>ANBEFALING<\/b><\/h3>\n<p><span style=\"font-weight: 400\">Vi anbefaler, at fliserne impr\u00e6gneres med Bollerup Jensen Fliseimpr\u00e6gnering, efter en grundig fliserens. Dette vil g\u00f8re, at det f\u00e6rdige resultat vil holde meget l\u00e6ngere, og fliserne vil v\u00e6re meget mindre modtagelige for nye bel\u00e6gninger og alger.<\/span><\/p>\n<h4><span style=\"font-weight: 400\">BRUGSANVISNING<\/span><\/h4>\n<p><span style=\"font-weight: 400\">Det er let at bruge Bollerup Jensens Fliserens &#8211; f\u00f8lg blot brugsanvisningen nedenfor.\u00a0<\/span><\/p>\n<ul>\n<li style=\"font-weight: 400\"><span style=\"font-weight: 400\">Fliserne spules med vand og det l\u00f8se smuds fjernes med en stiv kost.<\/span><\/li>\n<li style=\"font-weight: 400\"><span style=\"font-weight: 400\">Fliserensen fortyndes med 1 del fliserens og 9 dele vand.<\/span><\/li>\n<li style=\"font-weight: 400\"><span style=\"font-weight: 400\">Indholdet i denne dunk r\u00e6kker op til 125 m2, afh\u00e6ngig af underlaget.<\/span><\/li>\n<li style=\"font-weight: 400\"><span style=\"font-weight: 400\">Opl\u00f8sningen fordeles p\u00e5 fliserne med en stiv kost eller en almindelig trykspr\u00f8jte.<\/span><\/li>\n<li style=\"font-weight: 400\"><span style=\"font-weight: 400\">Lad fliserensen virke i 30 minutter.<\/span><\/li>\n<li style=\"font-weight: 400\"><span style=\"font-weight: 400\">Fliserne skrubbes grundigt med en stiv kost. Ved s\u00e6rlig fastgroede bel\u00e6gninger, kan en h\u00f8jtryksrenser eventuel monteret med en Patio cleaner forsigtigt anvendes.<\/span><\/li>\n<li style=\"font-weight: 400\"><span style=\"font-weight: 400\">Efter reng\u00f8ring spules arealet grundigt med vand, og det er vigtigt at alt fliserens og smuds fjernes.<\/span><\/li>\n<\/ul>\n<p>Vi har lavet en guider der viser hvordan du <a href=\"https:\/\/bollerup-jensen.dk\/shop\/hjaelp-og-vejledning\/hvordan-renser-jeg-mine-fliser\/\">nemt renser dine fliser<\/a>.<\/p>\n<h5><b>VIGTIGT<\/b><\/h5>\n<p><span style=\"font-weight: 400\">N\u00e5r fliserne er blevet renset, er overfladen mere \u00e5ben. Nye bel\u00e6gninger har derfor lettere ved at s\u00e6tte sig fast p\u00e5 overfladen. For at lukke flisernes overflade, anbefales det efterf\u00f8lgende at behandle med Bollerup Jensen Fliseimpr\u00e6gnering. Resultatet af en kombineret behandling er flotte og rene fliser, der er afvisende over for nye bel\u00e6gninger.<\/span><\/p>\n<p><i><span style=\"font-weight: 400\">Alt anvendt udstyr skylles grundigt i varmt vand efter brug.<\/span><\/i><\/p>\n<h4><span style=\"font-weight: 400\">Hvorfor skal du rense dine fliser?\u00a0<\/span><\/h4>\n<p><span style=\"font-weight: 400\">Det er en god id\u00e9 at rense sine med j\u00e6vne mellemrum, men de m\u00e5 heller ikke blive renset for meget, da man \u00e5bner overfladen, og hvis man ikke er forsigtig n\u00e5r man renser dem kan de blive skadet.\u00a0<\/span><\/p>\n<p><span style=\"font-weight: 400\">N\u00e5r du renser dine fliser fjerner du b\u00e5de alger og andet skidt der ligger p\u00e5 overfladen og som kan g\u00f8re fliserne glatte og f\u00e5 dem til at se grimme ud. Jo mere algev\u00e6kst og flisepest der kommer, jo mere skadede bliver dine fliser og jo sv\u00e6rere er det at f\u00e5 dem rene igen.\u00a0<\/span><\/p>\n<p><span style=\"font-weight: 400\">Ved at rense dem er du sikker p\u00e5 at den v\u00e6rste algev\u00e6kst bliver fjernet, og at de ikke vokser ned i fliserne og skader dem endnu mere. Derudover kan de komme til at se ud som nye.\u00a0<\/span><\/p>\n<p><span style=\"font-weight: 400\">Har du sp\u00f8rgsm\u00e5l til rens af fliser eller Bollerup Jensens fliserens? S\u00e5 t\u00f8v ikke med at kontakte os, s\u00e5 giver vi dig gerne et par gode r\u00e5d med p\u00e5 vejen, s\u00e5 du kan komme i m\u00e5l med din terrasse og dine fliser &#8211; s\u00e5 er de helt klar til sommeren.\u00a0<\/span><\/p>\n<p>&nbsp;<\/p>\n<h3><span style=\"font-weight: 400\">Impr\u00e6gnering af fliser<\/span><\/h3>\n<p><span style=\"font-weight: 400\">Hvad g\u00f8r fliseimpr\u00e6gnering egentlig, og hvorfor b\u00f8r du impr\u00e6gnere fliserne efter du har renset dem? Rens af fliserne slider p\u00e5 flisens \u00f8verste overflade, men det g\u00f8r algev\u00e6kst ogs\u00e5. N\u00e5r overfladen er slidt er den \u201c\u00e5ben\u201d for vind og vejr, og derfor kan det v\u00e6re lettere for nye alger og skidt at s\u00e6tte sig. Flisens overflade kan ogs\u00e5 tage skade hvis du h\u00f8jtryksrenser den ofte, s\u00e5 derfor anbefaler vi kun dette til s\u00e6rlige st\u00e6dige pletter, og at du bruger en kost eller en Patio Cleaner i stedet.\u00a0<\/span><\/p>\n<p><span style=\"font-weight: 400\">En impr\u00e6gnering giver et beskyttende lag til flisen efter du har renset den, b\u00e5de s\u00e5 den \u00e5bne overflade lukkes, men ogs\u00e5 s\u00e5 nye alger har sv\u00e6rt ved at f\u00e5 fat og brede sig.\u00a0<\/span><\/p>\n<p><span style=\"font-weight: 400\">Du kan impr\u00e6gnere dine fliser umiddelbart efter du har renset dem og n\u00e5r de er t\u00f8rret. Du m\u00e5 dog ikke bruge algefjerner inden &#8211; s\u00e5 kan det have sv\u00e6rt ved at h\u00e6fte sig p\u00e5 fliserne og giver dermed ikke tilstr\u00e6kkelig beskyttelse.\u00a0<\/span><\/p>\n<p><span style=\"font-weight: 400\">Husk ogs\u00e5 at g\u00f8re det n\u00e5r det er t\u00f8rt, og det m\u00e5 helst ikke regne 12-24 timer efter impr\u00e6gneringen er p\u00e5f\u00f8rt, da det ikke kan n\u00e5 at s\u00e6tte sig.\u00a0<\/span><\/p>\n<p><span style=\"font-weight: 400\">Midlet burde ikke v\u00e6re skadeligt for dit gr\u00e6s eller for blomsterbedet, men du b\u00f8r alligevel s\u00f8rge for at du kun l\u00e6gger impr\u00e6gneringen hvor der er fliser, s\u00e5 er du sikker p\u00e5 at dine roser kan klare sig.\u00a0<\/span><\/p>\n<p>&nbsp;<\/p>\n<h3><span style=\"font-weight: 400\">Efterbehanding &#8211; fej sand p\u00e5\u00a0<\/span><\/h3>\n<p><span style=\"font-weight: 400\">Nogle gange vil du opdage at den grundige rens har medf\u00f8rt at lidt at det sand der l\u00e5 mellem fliserne er blevet vasket v\u00e6k, og det kan derfor v\u00e6re en god id\u00e9 at feje noget nyt sand p\u00e5, det er heldigvis en let opgave &#8211; perfekt til at slutte af med.\u00a0<\/span><\/p>\n<p><span style=\"font-weight: 400\">Du skal bruge noget fint sand. Dette er afg\u00f8rende for at det bliver t\u00e6t nede mellem fliserne. Sandet er med til at s\u00f8rge for at fliserne bliver liggende hvor de skal, og samtidig er det sv\u00e6rere for ukrudt at tr\u00e6nge op mellem fliserne. Det giver desuden et poleret og skarp resultat, og din terrasse og fliser vil f\u00f8les som nye.\u00a0<\/span><\/p>\n<p><span style=\"font-weight: 400\">Fordel sandet p\u00e5 fliserne og brug en bred kost. Herefter fejer du hen over fliserne, og sikrer at alle mellemrum fyldes med sandet. Derefter kan du fjerne det overskydende sand.\u00a0<\/span><\/p>\n<h4><span style=\"font-weight: 400\">Gode r\u00e5d\u00a0<\/span><\/h4>\n<p><span style=\"font-weight: 400\">Selvom det kan virke som et lidt uoverskueligt projekt, er det faktisk ret enkelt at komme i gang med at fliserens og impr\u00e6gnering af sine fliser. S\u00e5 frygt ikke &#8211; der er hj\u00e6lp at hente. Nedenfor har vi samlet nogle gode r\u00e5d til hvordan du bedst kommer igennem projektet.\u00a0<\/span><\/p>\n<ul>\n<li style=\"font-weight: 400\"><span style=\"font-weight: 400\">Lav zoner\u00a0<\/span>\n<ul>\n<li style=\"font-weight: 400\"><span style=\"font-weight: 400\">Hvis du g\u00e5r i gang med alle fliser, terrasser og stier p\u00e5 din grund p\u00e5 \u00e9n gang kan det godt virke som en stor mundfuld. Du er ogs\u00e5 i problemer hvis det lige pludselig begynder at regne, og du har alle overflader smurt ind i fliserens. Pr\u00f8v i stedet at tage \u00e9t omr\u00e5de ad gangen, s\u00e5 er det mere overskueligt.\u00a0<\/span><\/li>\n<\/ul>\n<\/li>\n<li style=\"font-weight: 400\"><span style=\"font-weight: 400\">S\u00e6t god tid af<\/span>\n<ul>\n<li style=\"font-weight: 400\"><span style=\"font-weight: 400\">Lad v\u00e6re med at t\u00e6nke at det er et projekt du hurtigt lige kan klare mellem andre opgaver i haven. S\u00e6t gerne et par dage af, s\u00e5 du har tid til at skrubbe fliserne ordentligt og lade dem t\u00f8rre ordentligt inden du impr\u00e6gnerer dem. S\u00e5 undg\u00e5r du ogs\u00e5 at stresse over projektet, og du har tid til at nyde en is eller en kold \u00f8l i solen &#8211; se d\u00e9t er et rigtig haveprojekt.\u00a0<\/span><\/li>\n<\/ul>\n<\/li>\n<li style=\"font-weight: 400\"><span style=\"font-weight: 400\">Hav styr p\u00e5 alle tingene inden du starter<\/span>\n<ul>\n<li style=\"font-weight: 400\"><span style=\"font-weight: 400\">S\u00f8rg for at s\u00e6tte alle ting frem inden du g\u00e5r i gang. For eksempel spande, koste og lignende. S\u00e5 har du styr p\u00e5 alt det du skal bruge og finder ikke lige ud af i sidste \u00f8jeblik at du mangler en bred og stiv kost.\u00a0<\/span><\/li>\n<\/ul>\n<\/li>\n<\/ul>\n<h4><span style=\"font-weight: 400\">Fragt og levering\u00a0<\/span><\/h4>\n<p><span style=\"font-weight: 400\">Vi vil gerne g\u00f8re det let for vores kunder at f\u00e5 fat p\u00e5 vores produkter. Derfor er det let at handle p\u00e5 vores side, og du har altid dine varer indenfor 1-3 hverdage. Vi giver ogs\u00e5 altid gratis fragt hvis du k\u00f8ber for over 500 DKK, s\u00e5 det er en perfekt anledning til lige at bestille fliserens og impr\u00e6gnering med til naboerne og svigerfamilien.\u00a0<\/span><\/p>\n<p>&nbsp;<\/p>\n<p><span style=\"font-weight: 400\">Har du sp\u00f8rgsm\u00e5l til fragt, vores produkter eller andet, s\u00e5 t\u00f8v ikke med at kontakte os, s\u00e5 skynder vi os at svare eller finde en l\u00f8sning der passer til dig. <\/span><\/p>\n\n","protected":false},"excerpt":{"rendered":"<p>Fliserens er effektiv til fjernelse af snavs og bel\u00e6gninger p\u00e5 alle typer af betonoverflader som f.eks. fliser i indk\u00f8rsler, terrasser og gangarealer.<\/p>\n<p>BEM\u00c6RK &#8211; vores 2,5 liter dunk giver 25 liter f\u00e6rdigblandet fliserens!<\/p>\n","protected":false},"featured_media":17538,"template":"","meta":{"_acf_changed":false},"product_brand":[],"product_cat":[412],"product_tag":[],"class_list":{"0":"post-2386","1":"product","2":"type-product","3":"status-publish","4":"has-post-thumbnail","6":"product_cat-flisebehandling","7":"pa_antal-liter-25-liter","8":"pa_antal-liter-5-liter","9":"pa_antal-liter-10-liter","11":"first","12":"instock","13":"taxable","14":"shipping-taxable","15":"purchasable","16":"product-type-variable","17":"has-default-attributes"},"acf":[],"_links":{"self":[{"href":"https:\/\/bollerup-jensen.dk\/shop\/wp-json\/wp\/v2\/product\/2386","targetHints":{"allow":["GET"]}}],"collection":[{"href":"https:\/\/bollerup-jensen.dk\/shop\/wp-json\/wp\/v2\/product"}],"about":[{"href":"https:\/\/bollerup-jensen.dk\/shop\/wp-json\/wp\/v2\/types\/product"}],"wp:featuredmedia":[{"embeddable":true,"href":"https:\/\/bollerup-jensen.dk\/shop\/wp-json\/wp\/v2\/media\/17538"}],"wp:attachment":[{"href":"https:\/\/bollerup-jensen.dk\/shop\/wp-json\/wp\/v2\/media?parent=2386"}],"wp:term":[{"taxonomy":"product_brand","embeddable":true,"href":"https:\/\/bollerup-jensen.dk\/shop\/wp-json\/wp\/v2\/product_brand?post=2386"},{"taxonomy":"product_cat","embeddable":true,"href":"https:\/\/bollerup-jensen.dk\/shop\/wp-json\/wp\/v2\/product_cat?post=2386"},{"taxonomy":"product_tag","embeddable":true,"href":"https:\/\/bollerup-jensen.dk\/shop\/wp-json\/wp\/v2\/product_tag?post=2386"}],"curies":[{"name":"wp","href":"https:\/\/api.w.org\/{rel}","templated":true}]}}