{"id":2401,"date":"2017-01-13T00:00:00","date_gmt":"2017-01-12T23:00:00","guid":{"rendered":"https:\/\/bollerup-jensen.dk\/shop\/produkter\/Ikke%20kategoriseret\/fliseimpraegnering-25-liter\/"},"modified":"2026-04-16T04:27:21","modified_gmt":"2026-04-16T02:27:21","slug":"fliseimpraegnering-25-liter","status":"publish","type":"product","link":"https:\/\/bollerup-jensen.dk\/shop\/produkt\/terrasse\/flisebehandling\/fliseimpraegnering-25-liter\/","title":{"rendered":"Fliseimpr\u00e6gnering"},"content":{"rendered":"<p><strong><em>SE VORES FLISE-VIDEO L\u00c6NGERE NEDE!<\/em><\/strong><\/p>\n<p><em>Opbevares utilg\u00e6ngeligt for b\u00f8rn.<\/em><\/p>\n<h5>FLISER DER HOLDER L\u00c6NGERE<\/h5>\n<p>Efter at du har renset og impr\u00e6gneret dine fliser med vores unikke flisebehandling, vil du opleve et l\u00e6ngerevarende og blivende resultat. Vedligeholdelse af dine betonfliser bliver langt nemmere fremover. Snavs, nye begroninger og bel\u00e6gninger, som alger og flisepest, vil efterf\u00f8lgende ikke bide sig s\u00e5 let fast i fliserne, og kan derfor nemt fjerens med vores fliserens og en stiv kost. Pr\u00f8v f\u00f8rst med vores anbefalede <a href=\"https:\/\/bollerup-jensen.dk\/shop\/produkt\/fliserens\/\">Bollerup Jensen Fliserens<\/a>.<\/p>\n<h5>INDHOLD<\/h5>\n<p>2,5 liter koncentreret v\u00e6ske.<br \/>\nSilikat &lt;30%<\/p>\n<p><img fetchpriority=\"high\" decoding=\"async\" class=\"alignnone wp-image-15404 size-full\" src=\"https:\/\/bollerup-jensen.dk\/shop\/wp-content\/uploads\/2017\/01\/fliseimpraegnering-konc.jpg\" alt=\"\" width=\"708\" height=\"173\" srcset=\"https:\/\/cdn.bollerup-jensen.dk\/wp-content\/uploads\/2017\/01\/fliseimpraegnering-konc.jpg 708w, https:\/\/cdn.bollerup-jensen.dk\/wp-content\/uploads\/2017\/01\/fliseimpraegnering-konc-300x73.jpg 300w, https:\/\/cdn.bollerup-jensen.dk\/wp-content\/uploads\/2017\/01\/fliseimpraegnering-konc-600x147.jpg 600w\" sizes=\"(max-width: 708px) 100vw, 708px\" \/><\/p>\n<h5>BRUGSANVISNING<\/h5>\n<ul>\n<li>Fliserne renses f\u00f8rst grundigt med Bollerup Jensen Fliserens, s\u00e5 der ikke er rester af bel\u00e6gninger p\u00e5 fliserne.<\/li>\n<li>Fliserne skal v\u00e6re helt t\u00f8rre, f\u00f8r Bollerup Jensen Fliseimpr\u00e6gnering p\u00e5f\u00f8res.<\/li>\n<li>Impr\u00e6gnering fortyndes i forholdet 1 del impr\u00e6gnering med 2 dele vand.<\/li>\n<li>Blandingen r\u00e6kker op til 75 m2 afh\u00e6ngig af doseringen og underlaget.<\/li>\n<li>P\u00e5f\u00f8r opl\u00f8sningen med (tryk-)spr\u00f8jte eller malerrulle. Det er vigtigt, at der ikke ligger blanke s\u00f8er af impr\u00e6gnering p\u00e5 fliserne.<\/li>\n<li>Behandlingen kan gentages alt efter flisernes \u00e5benhed og \u00f8nske om udseende.<\/li>\n<li>Husk altid at foretage pr\u00f8veopstr\u00f8g for kontrol af overfladen og produktets forenelighed.<\/li>\n<\/ul>\n<p>Vi har lavet en guide der viser dig hvordan du <a href=\"https:\/\/bollerup-jensen.dk\/shop\/hjaelp-og-vejledning\/hvordan-impraegnerer-jeg-mine-fliser\/\">nemt impr\u00e6gnerer dine fliser<\/a>.<\/p>\n<h5>VIGTIGT<\/h5>\n<p>Undg\u00e5 at p\u00e5f\u00f8re fliseimpr\u00e6gnering p\u00e5 andet end betonfliser eller beton. Gr\u00e6s og blomster tager normalt ikke skade, men undg\u00e5 alligevel f\u00f8lsomme blomster. Hvis uheldet er ude alligevel, vaskes omr\u00e5det med varmt vand. Fliserne m\u00e5 efter afrensning og inden impr\u00e6gnering ikke behandles med algebek\u00e6mpelsesmidler. Fliserne skal ved behandling med fliseimpr\u00e6gnering v\u00e6re t\u00f8rre i overfladen f\u00f8r de m\u00e5 benyttes. Det er vigtigt, at fliserne ikke uds\u00e6ttes for regn eller vand i de efterf\u00f8lgende 12-24 timer.<br \/>\n<em>Alt anvendt udstyr skylles grundigt i varmt vand efter brug. Produktet m\u00e5 ikke udledes til kloak. Tom emballage og produktrester, skal afleveres til den kommunale affaldsordning for farligt affald.<\/em><\/p>\n<p>Efter en impr\u00e6gnering af fliserne, vil fliserne synes m\u00f8rkere i 4-6 uger, inden fliserne f\u00e5r deres egen farve igen. Hvidudtr\u00e6k kan i sj\u00e6ldne tilf\u00e6lde forekomme p\u00e5 alle former for beton og betonfliser.<\/p>\n<h3>Se hvordan du behandler med fliseimpr\u00e6gnering<\/h3>\n<div style=\"width: 640px;\" class=\"wp-video\"><video class=\"wp-video-shortcode\" id=\"video-2401-1\" width=\"640\" height=\"360\" preload=\"metadata\" controls=\"controls\"><source type=\"video\/mp4\" src=\"https:\/\/bollerup-jensen.dk\/shop\/wp-content\/uploads\/video.mp4?_=1\" \/><a href=\"https:\/\/bollerup-jensen.dk\/shop\/wp-content\/uploads\/video.mp4\">https:\/\/bollerup-jensen.dk\/shop\/wp-content\/uploads\/video.mp4<\/a><\/video><\/div>\n<p>&nbsp;<\/p>\n","protected":false},"excerpt":{"rendered":"<p><img decoding=\"async\" class=\"alignnone wp-image-11102\" src=\"https:\/\/bollerup-jensen.dk\/shop\/wp-content\/uploads\/2017\/01\/svanen-1.jpg\" alt=\"\" width=\"85\" height=\"76\" \/><\/p>\n<p>Husk at impr\u00e6gnere dine betonfliser efter, at du har renset dem.<br \/>\nImpr\u00e6gneringen er udviklet til at lukke de por\u00f8se overflader efter en fliserens. Dermed bevares det flotte resultat, og fliserne styrkes markant og vil samtidig v\u00e6re mindre modtagelige over for nye bel\u00e6gninger og begroninger i fremtiden.<\/p>\n<p>BEM\u00c6RK \u2013 vores 2,5 liter dunk giver 7,5 liter f\u00e6rdigblandet impr\u00e6gnering!<\/p>\n","protected":false},"featured_media":17528,"template":"","meta":{"_acf_changed":false},"product_brand":[],"product_cat":[412],"product_tag":[],"class_list":{"0":"post-2401","1":"product","2":"type-product","3":"status-publish","4":"has-post-thumbnail","6":"product_cat-flisebehandling","7":"pa_antal-liter-10-liter","8":"pa_antal-liter-25-liter","9":"pa_antal-liter-20-liter","10":"pa_antal-liter-5-liter","12":"first","13":"instock","14":"taxable","15":"shipping-taxable","16":"purchasable","17":"product-type-variable","18":"has-default-attributes"},"acf":[],"_links":{"self":[{"href":"https:\/\/bollerup-jensen.dk\/shop\/wp-json\/wp\/v2\/product\/2401","targetHints":{"allow":["GET"]}}],"collection":[{"href":"https:\/\/bollerup-jensen.dk\/shop\/wp-json\/wp\/v2\/product"}],"about":[{"href":"https:\/\/bollerup-jensen.dk\/shop\/wp-json\/wp\/v2\/types\/product"}],"wp:featuredmedia":[{"embeddable":true,"href":"https:\/\/bollerup-jensen.dk\/shop\/wp-json\/wp\/v2\/media\/17528"}],"wp:attachment":[{"href":"https:\/\/bollerup-jensen.dk\/shop\/wp-json\/wp\/v2\/media?parent=2401"}],"wp:term":[{"taxonomy":"product_brand","embeddable":true,"href":"https:\/\/bollerup-jensen.dk\/shop\/wp-json\/wp\/v2\/product_brand?post=2401"},{"taxonomy":"product_cat","embeddable":true,"href":"https:\/\/bollerup-jensen.dk\/shop\/wp-json\/wp\/v2\/product_cat?post=2401"},{"taxonomy":"product_tag","embeddable":true,"href":"https:\/\/bollerup-jensen.dk\/shop\/wp-json\/wp\/v2\/product_tag?post=2401"}],"curies":[{"name":"wp","href":"https:\/\/api.w.org\/{rel}","templated":true}]}}