{"id":2426,"date":"2017-01-13T00:00:00","date_gmt":"2017-01-12T23:00:00","guid":{"rendered":"https:\/\/bollerup-jensen.dk\/shop\/produkter\/Ikke%20kategoriseret\/gulvsaebe-neutral\/"},"modified":"2026-04-07T04:29:56","modified_gmt":"2026-04-07T02:29:56","slug":"gulvsaebe-neutral","status":"publish","type":"product","link":"https:\/\/bollerup-jensen.dk\/shop\/produkt\/gulve\/gulvpleje\/gulvsaebe-neutral\/","title":{"rendered":"Gulvs\u00e6be Natur"},"content":{"rendered":"<p><em>Opbevares utilg\u00e6ngelig for b\u00f8rn.<\/em><\/p>\n<h5>RENE VEGETABILSKE OLIER<\/h5>\n<p>Gulvs\u00e6be Natur er fremstillet af lyse og rene vegetabilske olier, der effektivt m\u00e6tter tr\u00e6ets porer og dermed beskytter mod spildte v\u00e6sker.<\/p>\n<h5>INDHOLD<\/h5>\n<p>S\u00e6be 5-15%<br \/>\nKonserveringsmiddel &lt;5%<\/p>\n<h5>DOSERING<\/h5>\n<p>B\u00f8r ikke anvendes koncentreret p\u00e5 malet og ferniseret tr\u00e6v\u00e6rk, da s\u00e6ben kan opl\u00f8se malingen\/lakken.<br \/>\n<strong>Grundbehandling<\/strong>: 0,3 liter Gulvs\u00e6be Natur til 5 liter varmt vand.<br \/>\n<strong>Alm. reng\u00f8ring<\/strong>: 0,1 liter Gulvs\u00e6be Natur til 5 liter varmt vand.<br \/>\n<em>Doseringen kan \u00e6ndres i forhold til tilsmudsningsgraden.<\/em><\/p>\n<h5>EFTERBEHANDLING<\/h5>\n<p><strong>Grundbehandling<\/strong>: Gulvet skal v\u00e6re smuds- og st\u00f8vfrit og helt nylagte gulve skal afslibes. S\u00e6beopl\u00f8sningen p\u00e5f\u00f8res med gulvvklud eller moppe i tr\u00e6ets l\u00e6ngderetning til tr\u00e6et er m\u00e6ttet. Efter nogle minutter aft\u00f8rres overskydende s\u00e6be med en fugtig klud (uden s\u00e6be). Behandlingen gentages 2-3 gange n\u00e5r overfladen er helt t\u00f8r. Brug ikke for meget vand ved s\u00e6bebehandlingen \u2013 tr\u00e6et kan udvide sig, og n\u00e5r det t\u00f8rrer igen, vil tr\u00e6et tr\u00e6kke sig sammen. P\u00e5 lamelparketgulve kan limningen tage skade.<\/p>\n<p><strong>Alm. reng\u00f8ring<\/strong>: Behandlede gulve er lette at holde rene \u2013 st\u00f8vsugning er tilstr\u00e6kkelig ved daglig reng\u00f8ring.<\/p>\n<p><strong>Vanskelige pletter<\/strong>: Opbl\u00f8d pletten med vand, gnid koncentreret s\u00e6be ind i pletten og lad det virke i cirka 5 minutter. Fjern pletten med en grov svamp og aft\u00f8r omr\u00e5det med en klud.<\/p>\n","protected":false},"excerpt":{"rendered":"<p>Bollerup Jensen\u00a0Gulvs\u00e6be Natur er beregnet til efterbehandling, vedligeholdelse og opfriskning af bl.a. lud-, s\u00e6be- og oliebehandlede tr\u00e6gulve og andre tr\u00e6overflader.<\/p>\n<p>&nbsp;<\/p>\n","protected":false},"featured_media":17466,"template":"","meta":{"_acf_changed":false},"product_brand":[],"product_cat":[416],"product_tag":[],"class_list":{"0":"post-2426","1":"product","2":"type-product","3":"status-publish","4":"has-post-thumbnail","6":"product_cat-gulvpleje","7":"pa_antal-liter-1-liter","8":"pa_antal-liter-25-liter","10":"first","11":"instock","12":"taxable","13":"shipping-taxable","14":"purchasable","15":"product-type-variable","16":"has-default-attributes"},"acf":[],"_links":{"self":[{"href":"https:\/\/bollerup-jensen.dk\/shop\/wp-json\/wp\/v2\/product\/2426","targetHints":{"allow":["GET"]}}],"collection":[{"href":"https:\/\/bollerup-jensen.dk\/shop\/wp-json\/wp\/v2\/product"}],"about":[{"href":"https:\/\/bollerup-jensen.dk\/shop\/wp-json\/wp\/v2\/types\/product"}],"wp:featuredmedia":[{"embeddable":true,"href":"https:\/\/bollerup-jensen.dk\/shop\/wp-json\/wp\/v2\/media\/17466"}],"wp:attachment":[{"href":"https:\/\/bollerup-jensen.dk\/shop\/wp-json\/wp\/v2\/media?parent=2426"}],"wp:term":[{"taxonomy":"product_brand","embeddable":true,"href":"https:\/\/bollerup-jensen.dk\/shop\/wp-json\/wp\/v2\/product_brand?post=2426"},{"taxonomy":"product_cat","embeddable":true,"href":"https:\/\/bollerup-jensen.dk\/shop\/wp-json\/wp\/v2\/product_cat?post=2426"},{"taxonomy":"product_tag","embeddable":true,"href":"https:\/\/bollerup-jensen.dk\/shop\/wp-json\/wp\/v2\/product_tag?post=2426"}],"curies":[{"name":"wp","href":"https:\/\/api.w.org\/{rel}","templated":true}]}}