{"id":2436,"date":"2017-01-13T00:00:00","date_gmt":"2017-01-12T23:00:00","guid":{"rendered":"https:\/\/bollerup-jensen.dk\/shop\/produkter\/Ikke%20kategoriseret\/flydende-brun-saebe\/"},"modified":"2026-04-15T04:22:51","modified_gmt":"2026-04-15T02:22:51","slug":"flydende-brun-saebe","status":"publish","type":"product","link":"https:\/\/bollerup-jensen.dk\/shop\/produkt\/husholdning\/flydende-brun-saebe\/","title":{"rendered":"Flydende Brun S\u00e6be"},"content":{"rendered":"<p><em>Opbevares utilg\u00e6ngelig for b\u00f8rn.<\/em><\/p>\n<h5>RENG\u00d8RING MED OMTANKE<\/h5>\n<p>Flydende Brun S\u00e6be anvendes bl.a. til reng\u00f8ring og vask af fx tegl, skifer, granit, terazzo, gummi, klinker, kork, ubehandlet tr\u00e6, keramik, rustfrit st\u00e5l, porcel\u00e6n m.m. Der efterlades en klar smudsafvisende s\u00e6befilm som bliver st\u00e6rkere efter gentagne behandlinger.<\/p>\n<ul>\n<li>Mindsket p\u00e5virkning af vandlevende organismer<\/li>\n<li>Mindre brug af farlige stoffer<\/li>\n<li>Mindre emballageaffald<\/li>\n<li>Klar brugsanvisning<\/li>\n<\/ul>\n<h5>INDHOLD<\/h5>\n<p>S\u00e6be 15-30%<br \/>\nIndeholder ogs\u00e5 vand, kaliumhydroxid og kaliumklorid.<br \/>\nAlkalisk pH ca. 10,5.<\/p>\n<h5>DOSERING<\/h5>\n<p>Cirka 4 spk. (50ml) til 5 liter vand. En korrekt dosering er billigere og minimerer milj\u00f8belastningen.<\/p>\n<h5>ADVARSEL<\/h5>\n<p>Bland ikke forskellige reng\u00f8ringsmidler.<\/p>\n<p>&nbsp;<\/p>\n","protected":false},"excerpt":{"rendered":"<p><img decoding=\"async\" class=\"alignnone wp-image-11102\" src=\"https:\/\/bollerup-jensen.dk\/shop\/wp-content\/uploads\/2017\/01\/svanen-1.jpg\" alt=\"\" width=\"84\" height=\"76\" \/><\/p>\n<p>Vores Originale Flydende Brun S\u00e6be fremstilles efter de originale opskrifter fra 1935. Alts\u00e5 som en fors\u00e6bning af vegetabilske fedtsyrer og lud, uden tils\u00e6tning af parfume, farve eller stabilisatorer.<br \/>\nDet aktive s\u00e6beindhold er 15-30%.<\/p>\n","protected":false},"featured_media":19342,"template":"","meta":{"_acf_changed":false},"product_brand":[],"product_cat":[417],"product_tag":[],"class_list":{"0":"post-2436","1":"product","2":"type-product","3":"status-publish","4":"has-post-thumbnail","6":"product_cat-husholdning","7":"pa_antal-liter-1-liter","8":"pa_antal-liter-5-liter","10":"first","11":"instock","12":"taxable","13":"shipping-taxable","14":"purchasable","15":"product-type-variable","16":"has-default-attributes"},"acf":[],"_links":{"self":[{"href":"https:\/\/bollerup-jensen.dk\/shop\/wp-json\/wp\/v2\/product\/2436","targetHints":{"allow":["GET"]}}],"collection":[{"href":"https:\/\/bollerup-jensen.dk\/shop\/wp-json\/wp\/v2\/product"}],"about":[{"href":"https:\/\/bollerup-jensen.dk\/shop\/wp-json\/wp\/v2\/types\/product"}],"wp:featuredmedia":[{"embeddable":true,"href":"https:\/\/bollerup-jensen.dk\/shop\/wp-json\/wp\/v2\/media\/19342"}],"wp:attachment":[{"href":"https:\/\/bollerup-jensen.dk\/shop\/wp-json\/wp\/v2\/media?parent=2436"}],"wp:term":[{"taxonomy":"product_brand","embeddable":true,"href":"https:\/\/bollerup-jensen.dk\/shop\/wp-json\/wp\/v2\/product_brand?post=2436"},{"taxonomy":"product_cat","embeddable":true,"href":"https:\/\/bollerup-jensen.dk\/shop\/wp-json\/wp\/v2\/product_cat?post=2436"},{"taxonomy":"product_tag","embeddable":true,"href":"https:\/\/bollerup-jensen.dk\/shop\/wp-json\/wp\/v2\/product_tag?post=2436"}],"curies":[{"name":"wp","href":"https:\/\/api.w.org\/{rel}","templated":true}]}}