{"id":2443,"date":"2017-01-13T00:00:00","date_gmt":"2017-01-12T23:00:00","guid":{"rendered":"https:\/\/bollerup-jensen.dk\/shop\/produkter\/Ikke%20kategoriseret\/fastbrunsaebe\/"},"modified":"2026-04-09T09:32:03","modified_gmt":"2026-04-09T07:32:03","slug":"fastbrunsaebe","status":"publish","type":"product","link":"https:\/\/bollerup-jensen.dk\/shop\/produkt\/husholdning\/fastbrunsaebe\/","title":{"rendered":"Krystals\u00e6be"},"content":{"rendered":"<p><em>Opbevares utilg\u00e6ngeligt for b\u00f8rn.<\/em><\/p>\n<h5>FANTASTISK S\u00c6BE MED MANGE ANVENDELSER<\/h5>\n<p>Fast Brun S\u00e6be bruges bl.a. til vask og reng\u00f8ring af gulve (fx beton, terrazzo, marmor, ubehandlede fliser, tr\u00e6gulve, klinker, kork- og vinylgulve), m\u00f8bler (fx umalede og ubehandlede tr\u00e6borde &#8211; fyr, eg m.m.), alm. reng\u00f8ring og vask (fx keramiske og rustfrie k\u00f8kkenvaske, toiletkummer, gummi, tr\u00e6- og glasfiberb\u00e5de, arbejdst\u00f8j m.m.). &#8211; m\u00e5 ikke anvendes p\u00e5 malet og ferniseret tr\u00e6v\u00e6rk. Der findes flere industrielle anvendelsesmuligheder (fx b\u00e5ndsm\u00f8remiddel, glidemiddel m.m.)<\/p>\n<h5>INDHOLD<\/h5>\n<p>S\u00e6be &gt;30%<br \/>\nIndeholder ogs\u00e5 vand, kaliumkarbonat, kaliumhydroxid, kaliumsilikat, natriumhydroxid.<br \/>\nAlkalisk pH ca. 11 i brugsopl\u00f8sning.<\/p>\n<p><img fetchpriority=\"high\" decoding=\"async\" class=\"alignnone wp-image-15452 size-full\" src=\"https:\/\/bollerup-jensen.dk\/shop\/wp-content\/uploads\/2019\/01\/kalium-vandglas.jpg\" alt=\"\" width=\"708\" height=\"161\" srcset=\"https:\/\/cdn.bollerup-jensen.dk\/wp-content\/uploads\/2019\/01\/kalium-vandglas.jpg 708w, https:\/\/cdn.bollerup-jensen.dk\/wp-content\/uploads\/2019\/01\/kalium-vandglas-300x68.jpg 300w, https:\/\/cdn.bollerup-jensen.dk\/wp-content\/uploads\/2019\/01\/kalium-vandglas-600x136.jpg 600w\" sizes=\"(max-width: 708px) 100vw, 708px\" \/><\/p>\n<h5>DOSERING<\/h5>\n<p>2 spsk. (ca. 25g) til 5 liter varmt vand.<br \/>\n<em>En korrekt dosering er billigere og minimerer milj\u00f8belastningen.<\/em><\/p>\n<h5>BRUGSANVISNING<\/h5>\n<p>S\u00e6ben piskes ud i varmt vand. Brug en bl\u00f8d b\u00f8rste, skyl efter med lunkent vand og pol\u00e9r med en bl\u00f8d klud.<\/p>\n","protected":false},"excerpt":{"rendered":"<p>Krystals\u00e6be eller Fast Brun S\u00e6be er fremstillet af rene vegetabilske fedtsyrer uden parfume, farve eller stabilisatorer. Det aktive s\u00e6beindhold er &gt;30%. Krystals\u00e6ben har utrolig mange anvendelsesomr\u00e5der s\u00e5som vask og reng\u00f8ring af gulve, m\u00f8bler, k\u00f8kkenvaske og meget mere.<\/p>\n<p>&nbsp;<\/p>\n","protected":false},"featured_media":6139,"template":"","meta":{"_acf_changed":false},"product_brand":[],"product_cat":[417],"product_tag":[],"class_list":{"0":"post-2443","1":"product","2":"type-product","3":"status-publish","4":"has-post-thumbnail","6":"product_cat-husholdning","7":"pa_antal-kg-6-x-500-g-boetter","8":"pa_antal-kg-500-g","9":"pa_antal-kg-2-kg-spand","10":"pa_antal-kg-5-kg-spand","11":"pa_antal-kg-10-kg-spand","13":"first","14":"instock","15":"taxable","16":"shipping-taxable","17":"purchasable","18":"product-type-variable","19":"has-default-attributes"},"acf":[],"_links":{"self":[{"href":"https:\/\/bollerup-jensen.dk\/shop\/wp-json\/wp\/v2\/product\/2443","targetHints":{"allow":["GET"]}}],"collection":[{"href":"https:\/\/bollerup-jensen.dk\/shop\/wp-json\/wp\/v2\/product"}],"about":[{"href":"https:\/\/bollerup-jensen.dk\/shop\/wp-json\/wp\/v2\/types\/product"}],"wp:featuredmedia":[{"embeddable":true,"href":"https:\/\/bollerup-jensen.dk\/shop\/wp-json\/wp\/v2\/media\/6139"}],"wp:attachment":[{"href":"https:\/\/bollerup-jensen.dk\/shop\/wp-json\/wp\/v2\/media?parent=2443"}],"wp:term":[{"taxonomy":"product_brand","embeddable":true,"href":"https:\/\/bollerup-jensen.dk\/shop\/wp-json\/wp\/v2\/product_brand?post=2443"},{"taxonomy":"product_cat","embeddable":true,"href":"https:\/\/bollerup-jensen.dk\/shop\/wp-json\/wp\/v2\/product_cat?post=2443"},{"taxonomy":"product_tag","embeddable":true,"href":"https:\/\/bollerup-jensen.dk\/shop\/wp-json\/wp\/v2\/product_tag?post=2443"}],"curies":[{"name":"wp","href":"https:\/\/api.w.org\/{rel}","templated":true}]}}