{"id":2449,"date":"2017-01-13T00:00:00","date_gmt":"2017-01-12T23:00:00","guid":{"rendered":"https:\/\/bollerup-jensen.dk\/shop\/produkter\/Ikke%20kategoriseret\/lak-og-klinkesaebe\/"},"modified":"2026-04-25T04:26:50","modified_gmt":"2026-04-25T02:26:50","slug":"gulvsaebe-lak","status":"publish","type":"product","link":"https:\/\/bollerup-jensen.dk\/shop\/produkt\/gulve\/gulvpleje\/gulvsaebe-lak\/","title":{"rendered":"Gulvs\u00e6be Lak &amp; Klinke"},"content":{"rendered":"<p><em>Opbevares utilg\u00e6ngeligt<\/em><em>\u00a0for b\u00f8rn.<\/em><\/p>\n<h5>EFTERLADER INGEN S\u00c6BEFILM<\/h5>\n<p>Gulvs\u00e6be Lak &amp; Klinke kan ogs\u00e5 anvendes p\u00e5 fliser, klinker, vinyl, laminat og linoleum p\u00e5 blandt andet badev\u00e6relset og i k\u00f8kkenet. S\u00e6ben efterlader overfladen uden s\u00e6befilm og er derfor velegnet p\u00e5 overflader, der j\u00e6vnligt vaskes.<\/p>\n<h5>INDHOLD<\/h5>\n<p>S\u00e6be &lt;5%<br \/>\nTensid &lt;5%<br \/>\nKonservering &lt;0,1%<\/p>\n<p><img fetchpriority=\"high\" decoding=\"async\" class=\"alignnone wp-image-15437 size-full\" src=\"https:\/\/bollerup-jensen.dk\/shop\/wp-content\/uploads\/2017\/01\/Gulvsaebe-lak.jpg\" alt=\"\" width=\"547\" height=\"145\" srcset=\"https:\/\/cdn.bollerup-jensen.dk\/wp-content\/uploads\/2017\/01\/Gulvsaebe-lak.jpg 547w, https:\/\/cdn.bollerup-jensen.dk\/wp-content\/uploads\/2017\/01\/Gulvsaebe-lak-300x80.jpg 300w\" sizes=\"(max-width: 547px) 100vw, 547px\" \/><\/p>\n<h5>DOSERING<\/h5>\n<p><strong>Alm. Reng\u00f8ring<\/strong>: 0,1-0,2 liter Gulvs\u00e6be Lak &amp; Klinke til 10 liter varmt vand.<br \/>\n<em>Dosering kan \u00e6ndres i forhold til tilsmudsningsgraden.<\/em><\/p>\n<h5>EFTERBEHANDLING<\/h5>\n<p>Gulvet\/overfladen der skal behandles skal v\u00e6re ren. S\u00e6rligt snavset gulv\/overflade kan forbehandles med en kraftigere opl\u00f8sning. For et renere gulv, er det en fordel at have en spand med rent vand til at skylle kluden\/moppen, og en spand med s\u00e6bevand. S\u00e6beopl\u00f8sningen p\u00e5f\u00f8res med gulvklud eller moppe. P\u00e5 tr\u00e6gulve er det vigtigt at p\u00e5f\u00f8re i tr\u00e6ets l\u00e6ngderetning. Der b\u00f8r ikke efterlades synligt vand p\u00e5 tr\u00e6gulve efter s\u00e6bebehandlingen, de det kan f\u00e5 tr\u00e6et til at rejse sig. S\u00e6beopl\u00f8sningen p\u00e5f\u00f8res med gulvklud, moppe eller en klud p\u00e5 lodrette overflader.<\/p>\n","protected":false},"excerpt":{"rendered":"<p>Bollerup Jensen Gulvs\u00e6be Lak &amp; Klinke er effektiv til at reng\u00f8re og behandle klinker og lakgulve i hjemmet. S\u00e6ben er beregnet til efterbehandling, vedligeholdelse og opfriskning af lakerede tr\u00e6gulve og andre lakerede overflader, samt klinker og klinkegulve, som hyppigt vaskes.<\/p>\n<p>&nbsp;<\/p>\n","protected":false},"featured_media":17451,"template":"","meta":{"_acf_changed":false},"product_brand":[],"product_cat":[416],"product_tag":[],"class_list":{"0":"post-2449","1":"product","2":"type-product","3":"status-publish","4":"has-post-thumbnail","6":"product_cat-gulvpleje","7":"pa_antal-liter-1-liter","8":"pa_antal-liter-25-liter","10":"first","11":"instock","12":"taxable","13":"shipping-taxable","14":"purchasable","15":"product-type-variable","16":"has-default-attributes"},"acf":[],"_links":{"self":[{"href":"https:\/\/bollerup-jensen.dk\/shop\/wp-json\/wp\/v2\/product\/2449","targetHints":{"allow":["GET"]}}],"collection":[{"href":"https:\/\/bollerup-jensen.dk\/shop\/wp-json\/wp\/v2\/product"}],"about":[{"href":"https:\/\/bollerup-jensen.dk\/shop\/wp-json\/wp\/v2\/types\/product"}],"wp:featuredmedia":[{"embeddable":true,"href":"https:\/\/bollerup-jensen.dk\/shop\/wp-json\/wp\/v2\/media\/17451"}],"wp:attachment":[{"href":"https:\/\/bollerup-jensen.dk\/shop\/wp-json\/wp\/v2\/media?parent=2449"}],"wp:term":[{"taxonomy":"product_brand","embeddable":true,"href":"https:\/\/bollerup-jensen.dk\/shop\/wp-json\/wp\/v2\/product_brand?post=2449"},{"taxonomy":"product_cat","embeddable":true,"href":"https:\/\/bollerup-jensen.dk\/shop\/wp-json\/wp\/v2\/product_cat?post=2449"},{"taxonomy":"product_tag","embeddable":true,"href":"https:\/\/bollerup-jensen.dk\/shop\/wp-json\/wp\/v2\/product_tag?post=2449"}],"curies":[{"name":"wp","href":"https:\/\/api.w.org\/{rel}","templated":true}]}}