{"id":2457,"date":"2017-01-13T00:00:00","date_gmt":"2017-01-12T23:00:00","guid":{"rendered":"https:\/\/bollerup-jensen.dk\/shop\/produkter\/Ikke%20kategoriseret\/lud-hvid-universal\/"},"modified":"2026-04-17T04:19:09","modified_gmt":"2026-04-17T02:19:09","slug":"lud-hvid-universal","status":"publish","type":"product","link":"https:\/\/bollerup-jensen.dk\/shop\/produkt\/gulve\/gulvpleje\/lud-hvid-universal\/","title":{"rendered":"Lud Hvid Universal 2,5 L"},"content":{"rendered":"<p><em>Opbevares utilg\u00e6ngelig for b\u00f8rn.<\/em><\/p>\n<p>Bem\u00e6rk: Farvetonen kan variere afh\u00e6ngig af tr\u00e6sort og alder p\u00e5 tr\u00e6et inden behandling.<\/p>\n<h5>MILJ\u00d8VENLIG LUDBEHANDLING<\/h5>\n<p>En ludbehandling med Lud Hvid Universal er meget milj\u00f8venlig, og produktet er desuden udviklet uden brug af det skadelige stof Borsyre\/Borax, som er p\u00e5 listen over u\u00f8nskede stoffer. Vi har udviklet denne universale lud, fordi b\u00f8rn er s\u00e6rlig f\u00f8lsomme overfor de skadelige virkninger fobundet med borater, og derfor b\u00f8r b\u00f8rn ikke uds\u00e6ttes for stoffet. Og som bekendt s\u00e5 er b\u00f8rn jo glade for at lege p\u00e5 gulvet.<\/p>\n<h5>INDHOLD<\/h5>\n<p>S\u00e6be &lt;5%<\/p>\n<h5>DOSERING<\/h5>\n<p>Anvendes ufortyndet.<\/p>\n<p><strong>Almindelig behandling:<\/strong> Gulvet\/overflade der skal behandles skal v\u00e6re rent og fri for rester af gammel lak og maling. Der b\u00f8r ikke efterlades synligt lud hvid p\u00e5 tr\u00e6gulve efter behandlingen, da det kan f\u00e5 tr\u00e6et til at rejse sig.<\/p>\n<p><strong>Grundbehandling:<\/strong> Lud Hvid Universal p\u00e5f\u00f8res med pensel eller rulle i et j\u00e6vnt lag i tr\u00e6ets l\u00e6ngderetning evt. overlapning udj\u00e6vnes, mens tr\u00e6et stadig er v\u00e5dt. Slib n\u00e5r tr\u00e6et er t\u00f8rt for at fjerne fiberrejsning og overskydende farve. \u00d8nskes et mere hvidt udseende kan behandlingen gentages, n\u00e5r tr\u00e6et er t\u00f8rt.<\/p>\n","protected":false},"excerpt":{"rendered":"<p>Til ludbehandling af n\u00e5letr\u00e6sgulve, l\u00f8vtr\u00e6sgulve og andre lyse tr\u00e6overflader anbefaler vi vores Lud Hvid Universal, dog kan den ikke anvendes p\u00e5 lakerede overflader. Vores Lud Hvid Universal giver et flot ensartet og hvidskuret udseende, hvor man tydeligt kan se tr\u00e6ets struktur. Behandlingen minimerer desuden tr\u00e6ets naturlige gulning, og du f\u00e5r derfor et flot lyst tr\u00e6gulv i mange \u00e5r fremad.<\/p>\n","protected":false},"featured_media":17476,"template":"","meta":{"_acf_changed":false},"product_brand":[],"product_cat":[416],"product_tag":[],"class_list":{"0":"post-2457","1":"product","2":"type-product","3":"status-publish","4":"has-post-thumbnail","6":"product_cat-gulvpleje","7":"pa_antal-liter-25-liter","9":"first","10":"instock","11":"taxable","12":"shipping-taxable","13":"purchasable","14":"product-type-simple"},"acf":[],"_links":{"self":[{"href":"https:\/\/bollerup-jensen.dk\/shop\/wp-json\/wp\/v2\/product\/2457","targetHints":{"allow":["GET"]}}],"collection":[{"href":"https:\/\/bollerup-jensen.dk\/shop\/wp-json\/wp\/v2\/product"}],"about":[{"href":"https:\/\/bollerup-jensen.dk\/shop\/wp-json\/wp\/v2\/types\/product"}],"wp:featuredmedia":[{"embeddable":true,"href":"https:\/\/bollerup-jensen.dk\/shop\/wp-json\/wp\/v2\/media\/17476"}],"wp:attachment":[{"href":"https:\/\/bollerup-jensen.dk\/shop\/wp-json\/wp\/v2\/media?parent=2457"}],"wp:term":[{"taxonomy":"product_brand","embeddable":true,"href":"https:\/\/bollerup-jensen.dk\/shop\/wp-json\/wp\/v2\/product_brand?post=2457"},{"taxonomy":"product_cat","embeddable":true,"href":"https:\/\/bollerup-jensen.dk\/shop\/wp-json\/wp\/v2\/product_cat?post=2457"},{"taxonomy":"product_tag","embeddable":true,"href":"https:\/\/bollerup-jensen.dk\/shop\/wp-json\/wp\/v2\/product_tag?post=2457"}],"curies":[{"name":"wp","href":"https:\/\/api.w.org\/{rel}","templated":true}]}}