{"id":2498,"date":"2017-01-25T00:00:00","date_gmt":"2017-01-24T23:00:00","guid":{"rendered":"https:\/\/bollerup-jensen.dk\/shop\/produkter\/Ikke%20kategoriseret\/saebespaaner\/"},"modified":"2026-04-27T22:32:49","modified_gmt":"2026-04-27T20:32:49","slug":"saebespaaner","status":"publish","type":"product","link":"https:\/\/bollerup-jensen.dk\/shop\/produkt\/husholdning\/saebespaaner\/","title":{"rendered":"S\u00e6besp\u00e5ner"},"content":{"rendered":"<p><em>Opbevares utilg\u00e6ngeligt for b\u00f8rn.<\/em><\/p>\n<h5>INGEN EDTA<\/h5>\n<p>S\u00e6besp\u00e5ner kan anvendes til finvask (Islandsk uld, kunststoffer og strygefrie stoffer) varmvask (farve\u00e6gte bomuld) &#8211; reng\u00f8ring, fx ubehandlede og lakerede tr\u00e6- og naturgulve, smykker m.m. Desuden kan vegetabilske s\u00e6besp\u00e5ner anvendes til pleje af l\u00e6derm\u00f8bler.<\/p>\n<h5>INDHOLD<\/h5>\n<p>S\u00e6be, fremstillet af kokos- og palmekerneolie &gt;30%<br \/>\nIndeholder glycerin. (Vores kasse med 5 kg indeholder ikke glycerin)<br \/>\nAlkalisk pH ca. 9,5 i brugsopl\u00f8sning.<\/p>\n<h5>DOSERING<\/h5>\n<p>Ca. 15 g pr. 10 liter bl\u00f8dgjort vand.<br \/>\nCa. 35 g pr. 10 liter ikke-bl\u00f8dgjort vand.<br \/>\nEn korrekt dosering er billigere og minimerer milj\u00f8belastningen.<\/p>\n<h5>BRUGSANVISNING<\/h5>\n<p><strong>Alm. vask<\/strong>: S\u00e6besp\u00e5ner kan anvendes til vask af alle tekstiler i h\u00e5nden. Meget snavset t\u00f8j kan ligge i bl\u00f8d i ca. 15 minutter, hvis farverne t\u00e5ler det. Uld og silke b\u00f8r dog aldrig l\u00e6gges i bl\u00f8d.<\/p>\n<p><strong>Finvask<\/strong>: S\u00e6besp\u00e5ner er is\u00e6r velegnet til finvask af islandsk uld, spindeuld o. lign. der ikke m\u00e5 affedtes. Vask i rigeligt h\u00e5ndvarmt vand (30-40 grader). Tryk vaskevandet igennem t\u00f8jet. Gnid ikke, da det kan give filtning af ulden. Skyl t\u00f8jet omhyggeligt i mindst 3 hold vand med samme temperatur som vaskevandet. Centrifug\u00e9r sk\u00e5nsomt eller rul t\u00f8jet ind i et frott\u00e9h\u00e5ndkl\u00e6de og lad det ligge i ca. 2 timer. Tr\u00e6k strikvarer i facon og bred dem glat ud til t\u00f8rre p\u00e5 et t\u00f8rt h\u00e5ndkl\u00e6de. Strikvarer i uld m\u00e5 aldrig t\u00f8rre i solen, ved st\u00e6rk varme eller i t\u00f8rretumler.<\/p>\n<p><strong>Gulve<\/strong>: S\u00e6bevand anbefales til ubehandlede og ludbehandlede tr\u00e6gulve, uglasserede klinker, skifer, granit, marmor, terrazzo og linoleum. Brug ca. 15 g til 10 liter varmt vand. Overdosering af s\u00e6besp\u00e5ner vil give fedtede gulve. Gulve i stenmaterialer og linoleum kan efterh\u00e5nden blive fedtede af for meget s\u00e6bevask, i s\u00e5 tilf\u00e6lde kan der af og til foretages vask med et universal reng\u00f8ringsmiddel.<\/p>\n<p><strong>M\u00f8bler<\/strong>: Ubehandlede tr\u00e6m\u00f8bler f.eks. eg og fyr reng\u00f8res og vedligeholdes bedst med s\u00e6bevand. Til borde med linoleumsbel\u00e6gning er s\u00e6bevand ligeledes egnet. L\u00e6derm\u00f8bler vaskes og plejes med s\u00e6bevand.<\/p>\n<p><strong>Smykker<\/strong>: Snavsede smykker kan ogs\u00e5 vaskes i s\u00e6bevand. Brug en bl\u00f8d b\u00f8rste, skyl efter med lunkent vand og pol\u00e9r med en bl\u00f8d klud.<\/p>\n","protected":false},"excerpt":{"rendered":"<p>Vegetabilske s\u00e6besp\u00e5ner fremstillet af kokos- og palmekerneolie uden tils\u00e6tning af parfume, farve eller stabilisatorer. Vores vegetabilske s\u00e6besp\u00e5ner indeholder ikke EDTA, og det aktive s\u00e6beindhold er over 80%.<\/p>\n","protected":false},"featured_media":4692,"template":"","meta":{"_acf_changed":false},"product_brand":[],"product_cat":[417],"product_tag":[],"class_list":{"0":"post-2498","1":"product","2":"type-product","3":"status-publish","4":"has-post-thumbnail","6":"product_cat-husholdning","7":"pa_antal-kg-20-x-500-g","8":"pa_antal-kg-5-kg-kasse","9":"pa_antal-kg-500-g","10":"pa_antal-kg-500-g-boette","11":"pa_antal-kg-8-x-500-g-poser","13":"first","14":"instock","15":"taxable","16":"shipping-taxable","17":"purchasable","18":"product-type-variable","19":"has-default-attributes"},"acf":[],"_links":{"self":[{"href":"https:\/\/bollerup-jensen.dk\/shop\/wp-json\/wp\/v2\/product\/2498","targetHints":{"allow":["GET"]}}],"collection":[{"href":"https:\/\/bollerup-jensen.dk\/shop\/wp-json\/wp\/v2\/product"}],"about":[{"href":"https:\/\/bollerup-jensen.dk\/shop\/wp-json\/wp\/v2\/types\/product"}],"wp:featuredmedia":[{"embeddable":true,"href":"https:\/\/bollerup-jensen.dk\/shop\/wp-json\/wp\/v2\/media\/4692"}],"wp:attachment":[{"href":"https:\/\/bollerup-jensen.dk\/shop\/wp-json\/wp\/v2\/media?parent=2498"}],"wp:term":[{"taxonomy":"product_brand","embeddable":true,"href":"https:\/\/bollerup-jensen.dk\/shop\/wp-json\/wp\/v2\/product_brand?post=2498"},{"taxonomy":"product_cat","embeddable":true,"href":"https:\/\/bollerup-jensen.dk\/shop\/wp-json\/wp\/v2\/product_cat?post=2498"},{"taxonomy":"product_tag","embeddable":true,"href":"https:\/\/bollerup-jensen.dk\/shop\/wp-json\/wp\/v2\/product_tag?post=2498"}],"curies":[{"name":"wp","href":"https:\/\/api.w.org\/{rel}","templated":true}]}}