{"id":2543,"date":"2017-06-23T00:00:00","date_gmt":"2017-06-22T22:00:00","guid":{"rendered":"https:\/\/bollerup-jensen.dk\/shop\/produkter\/Ikke%20kategoriseret\/beton-styrker-405\/"},"modified":"2026-04-20T04:25:48","modified_gmt":"2026-04-20T02:25:48","slug":"beton-styrker-405","status":"publish","type":"product","link":"https:\/\/bollerup-jensen.dk\/shop\/produkt\/terrasse\/betonbehandling\/beton-styrker-405\/","title":{"rendered":"Beton Styrker 405"},"content":{"rendered":"<p><em>Opbevares utilg\u00e6ngeligt for b\u00f8rn.<\/em><\/p>\n<h5>BEDST FOR INDEKLIMAET OG FOR DIG<\/h5>\n<p>Beton Styrker 405 specielt til beton, som bruges b\u00e5de indend\u00f8rs og udend\u00f8rs, og den st\u00f8vbindende effekt er helt unik for et bedre indeklima. Den st\u00f8vbindende effekt arbejder sammen med slidstyrken, og da betonen ikke slides s\u00e5 nemt, afgives der heller ikke st\u00f8v fra betonen. Derfor kan du \u00e5nde lettet op i garager, lagerhaller og andet industri. 5 liter Beton Styrker 405 d\u00e6kker op til 30 m<sup>2<\/sup><\/p>\n<h5>INDHOLD BETON STYRKER 405<\/h5>\n<p>Omrystes f\u00f8r brug<br \/>\n5 liter v\u00e6ske klar til brug<br \/>\nSilikat &lt;30%<\/p>\n<p><img fetchpriority=\"high\" decoding=\"async\" class=\"alignnone wp-image-15395 size-full\" src=\"https:\/\/bollerup-jensen.dk\/shop\/wp-content\/uploads\/2017\/06\/Betonstyrker.jpg\" alt=\"\" width=\"729\" height=\"144\" srcset=\"https:\/\/cdn.bollerup-jensen.dk\/wp-content\/uploads\/2017\/06\/Betonstyrker.jpg 729w, https:\/\/cdn.bollerup-jensen.dk\/wp-content\/uploads\/2017\/06\/Betonstyrker-300x59.jpg 300w, https:\/\/cdn.bollerup-jensen.dk\/wp-content\/uploads\/2017\/06\/Betonstyrker-600x119.jpg 600w\" sizes=\"(max-width: 729px) 100vw, 729px\" \/><\/p>\n<h5>BRUGSANVISNING<\/h5>\n<ul>\n<li>Overfladen skal v\u00e6re ren, fast, t\u00f8r (max. 60 RF% fugt), fri for olie og fedt.<\/li>\n<li>Start med en test af betonen, ved at p\u00e5f\u00f8re lidt vand p\u00e5 et lille omr\u00e5de. Hvis vandet bliver liggende p\u00e5 overfladen, b\u00f8r Beton Styrker 405 ikke anvendes.<\/li>\n<li>Der h\u00e6ldes lidt af produktet ud p\u00e5 overfladen der skal behandles og fordeles med en flad gulvmoppe.<\/li>\n<li>M\u00e6ngden afh\u00e6nger af, hvor meget gulvet suger.<\/li>\n<li>Produktet fordeles\u00a0j\u00e6vnt, s\u00e5 der ikke efterlades \u201cvandpytter\u201d.<\/li>\n<li>V\u00e6sken b\u00f8r v\u00e6re suget i betonen efter 10-30 minutter, hvorefter den kan betr\u00e6des.<\/li>\n<li>Behandlingen kan gentages efter 24 timer, alt efter \u00f8nske om udseende og overfladens \u00e5benhed.<\/li>\n<li>Beton Styrker 405 h\u00e6rder efter 5-7 dage.<\/li>\n<li>H\u00e6rder ikke ved temperatur under 1<sup>o<\/sup>C<br \/>\n<em>Husk altid at foretage pr\u00f8veopstr\u00f8g for kontrol af overfladen og produktets forenelighed.<\/em><\/li>\n<\/ul>\n<h5>VIGTIGT<\/h5>\n<p>Produktet reagerer med metal, glas og beton. Hvis der kommer v\u00e6ske p\u00e5 metal eller glas, vaskes der straks med varmt vand. Alt brugt udstyr reng\u00f8res straks med varmt vand efter brug.<\/p>\n<p>Efter anvendelse af Beton Styrker 405, vil betongulvet synes m\u00f8rkere i 4-6 uger, inden betonen f\u00e5r sin egen farve igen.<\/p>\n","protected":false},"excerpt":{"rendered":"<p>Vores Beton Styrker 405 har opn\u00e5et den h\u00f8jeste slidtest mod hjul, s\u00e6kkevogne, h\u00e5rd plastik og skrabende eller sl\u00e6bende dele. Og selvom det er vigtigt, at du styrker din beton, s\u00e5 s\u00e6tter vi ogs\u00e5 milj\u00f8et meget h\u00f8jt.<\/p>\n<p>&nbsp;<\/p>\n","protected":false},"featured_media":5753,"template":"","meta":{"_acf_changed":false},"product_brand":[],"product_cat":[413],"product_tag":[],"class_list":{"0":"post-2543","1":"product","2":"type-product","3":"status-publish","4":"has-post-thumbnail","6":"product_cat-betonbehandling","7":"pa_antal-liter-10-liter","8":"pa_antal-liter-20-liter","9":"pa_antal-liter-5-liter","11":"first","12":"instock","13":"taxable","14":"shipping-taxable","15":"purchasable","16":"product-type-variable"},"acf":[],"_links":{"self":[{"href":"https:\/\/bollerup-jensen.dk\/shop\/wp-json\/wp\/v2\/product\/2543","targetHints":{"allow":["GET"]}}],"collection":[{"href":"https:\/\/bollerup-jensen.dk\/shop\/wp-json\/wp\/v2\/product"}],"about":[{"href":"https:\/\/bollerup-jensen.dk\/shop\/wp-json\/wp\/v2\/types\/product"}],"wp:featuredmedia":[{"embeddable":true,"href":"https:\/\/bollerup-jensen.dk\/shop\/wp-json\/wp\/v2\/media\/5753"}],"wp:attachment":[{"href":"https:\/\/bollerup-jensen.dk\/shop\/wp-json\/wp\/v2\/media?parent=2543"}],"wp:term":[{"taxonomy":"product_brand","embeddable":true,"href":"https:\/\/bollerup-jensen.dk\/shop\/wp-json\/wp\/v2\/product_brand?post=2543"},{"taxonomy":"product_cat","embeddable":true,"href":"https:\/\/bollerup-jensen.dk\/shop\/wp-json\/wp\/v2\/product_cat?post=2543"},{"taxonomy":"product_tag","embeddable":true,"href":"https:\/\/bollerup-jensen.dk\/shop\/wp-json\/wp\/v2\/product_tag?post=2543"}],"curies":[{"name":"wp","href":"https:\/\/api.w.org\/{rel}","templated":true}]}}