{"id":2577,"date":"2017-08-23T00:00:00","date_gmt":"2017-08-22T22:00:00","guid":{"rendered":"https:\/\/bollerup-jensen.dk\/shop\/produkter\/Ikke%20kategoriseret\/boatboy-baadpolering\/"},"modified":"2026-04-25T04:26:16","modified_gmt":"2026-04-25T02:26:16","slug":"baadpolering","status":"publish","type":"product","link":"https:\/\/bollerup-jensen.dk\/shop\/produkt\/bil-og-baad\/baadpleje\/baadpolering\/","title":{"rendered":"Boatboy B\u00e5dpolering"},"content":{"rendered":"<p>Opbevares utilg\u00e6ngelig for b\u00f8rn.<\/p>\n<h5>EFFEKTIV RENS OG POLERING<\/h5>\n<p>Boatboy Universal B\u00e5dpolering er velegnet til maskinpolering, men den medf\u00f8lgende svamp kan nemt bruges lige s\u00e5 effektivt. Fugt og skum den medf\u00f8lgende svamp i b\u00f8tten efter behov. Brug derefter cirkelbev\u00e6gelser til at rense og polere b\u00e5den med Boatboy B\u00e5dpolering.<\/p>\n<h5>INDHOLD B\u00c5DPOLERING<\/h5>\n<p>S\u00e6be 15-30 %<\/p>\n<p>Aluminiumoxid, planteolie, glycerin, menthol og parfume.<\/p>\n<ul>\n<li>L\u00f8sner fedt og kalk<\/li>\n<li>Til reng\u00f8ring og polering<\/li>\n<li>Velegnet til maskinpolering<\/li>\n<\/ul>\n<h5>BRUGSANVISNING<\/h5>\n<p>Kan anvendes til reng\u00f8ring, polering og opfriskning af din b\u00e5d.<\/p>\n<p>Brug den medf\u00f8lgende svamp. Fugt svampen og drej den flere gange i s\u00e6ben til der dannes skum. Brug derefter cirkelbev\u00e6gelser, til at rense og polere b\u00e5den med Boatboy B\u00e5dpolering. <em>Jo mere fugtig svampen er, des mere s\u00e6beagtig bliver produktet. Jo mindre fugtig svamp, jo mere slibeagtig bliver produktet. Det betyder at du med et produkt kan styre hvor du vil rense og hvor du vil polere, alt efter hvor beskidt og angrebet b\u00e5den er. N\u00e5r du er f\u00e6rdig med at rense og polere, vasker du produktet af og kan t\u00f8rre b\u00e5den efter med et vaskeskind. <\/em>\u00a0Vask\/skyl efter med vand og gerne B\u00e5dshampoo med voks, og t\u00f8r efter med et vaskeskin eller viskestykke. D\u00e5sen lukkes efter endt brug, dermed bevares holdbarheden.<\/p>\n<p>&nbsp;<\/p>\n","protected":false},"excerpt":{"rendered":"<p>Uanset type af snavs og kalk s\u00e5 er Boatboy Universal B\u00e5dpolering nem at anvende og efterlader et flot og skinnende resultat. Brug den sammen med <a href=\"https:\/\/bollerup-jensen.dk\/shop\/produkt\/boatboy-baadshampoo\/\">B\u00e5dshampoo<\/a>\u00a0for et endnu bedre resultat!<\/p>\n<p>&nbsp;<\/p>\n","protected":false},"featured_media":2578,"template":"","meta":{"_acf_changed":false},"product_brand":[],"product_cat":[420,409],"product_tag":[],"class_list":{"0":"post-2577","1":"product","2":"type-product","3":"status-publish","4":"has-post-thumbnail","6":"product_cat-baadpleje","7":"product_cat-bil-og-baad","8":"pa_antal-kg-500-g","10":"first","11":"instock","12":"taxable","13":"shipping-taxable","14":"purchasable","15":"product-type-simple"},"acf":[],"_links":{"self":[{"href":"https:\/\/bollerup-jensen.dk\/shop\/wp-json\/wp\/v2\/product\/2577","targetHints":{"allow":["GET"]}}],"collection":[{"href":"https:\/\/bollerup-jensen.dk\/shop\/wp-json\/wp\/v2\/product"}],"about":[{"href":"https:\/\/bollerup-jensen.dk\/shop\/wp-json\/wp\/v2\/types\/product"}],"wp:featuredmedia":[{"embeddable":true,"href":"https:\/\/bollerup-jensen.dk\/shop\/wp-json\/wp\/v2\/media\/2578"}],"wp:attachment":[{"href":"https:\/\/bollerup-jensen.dk\/shop\/wp-json\/wp\/v2\/media?parent=2577"}],"wp:term":[{"taxonomy":"product_brand","embeddable":true,"href":"https:\/\/bollerup-jensen.dk\/shop\/wp-json\/wp\/v2\/product_brand?post=2577"},{"taxonomy":"product_cat","embeddable":true,"href":"https:\/\/bollerup-jensen.dk\/shop\/wp-json\/wp\/v2\/product_cat?post=2577"},{"taxonomy":"product_tag","embeddable":true,"href":"https:\/\/bollerup-jensen.dk\/shop\/wp-json\/wp\/v2\/product_tag?post=2577"}],"curies":[{"name":"wp","href":"https:\/\/api.w.org\/{rel}","templated":true}]}}