{"id":2581,"date":"2017-08-23T00:00:00","date_gmt":"2017-08-22T22:00:00","guid":{"rendered":"https:\/\/bollerup-jensen.dk\/shop\/produkter\/Ikke%20kategoriseret\/boatboy-baadshampoo\/"},"modified":"2026-04-25T04:26:17","modified_gmt":"2026-04-25T02:26:17","slug":"boatboy-baadshampoo","status":"publish","type":"product","link":"https:\/\/bollerup-jensen.dk\/shop\/produkt\/bil-og-baad\/baadpleje\/boatboy-baadshampoo\/","title":{"rendered":"Boatboy B\u00e5dshampoo"},"content":{"rendered":"<p><em>Opbevares utilg\u00e6ngeligt for b\u00f8rn.<\/em><\/p>\n<h5>BOATBOY B\u00c5DSHAMPOO G\u00d8R ARBEJDET FOR DIG<\/h5>\n<p>B\u00e5dshampoo med voks er absolut super nem at anvende og g\u00f8r n\u00e6rmest arbejdet for dig. Skrub b\u00e5den med s\u00e6beblandingen og lad s\u00e6ben g\u00f8re resten af arbejdet.<\/p>\n<h5>INDHOLD B\u00c5DSHAMPOO<\/h5>\n<p>Koncentreret v\u00e6ske.<br \/>\nIndeholder voks.<br \/>\nS\u00e6be 10-15%<br \/>\npH v\u00e6rdi ca. 11.<\/p>\n<p><img fetchpriority=\"high\" decoding=\"async\" class=\"alignnone wp-image-15385 size-full\" src=\"https:\/\/bollerup-jensen.dk\/shop\/wp-content\/uploads\/2017\/08\/boatshampoo1.jpg\" alt=\"\" width=\"806\" height=\"173\" srcset=\"https:\/\/cdn.bollerup-jensen.dk\/wp-content\/uploads\/2017\/08\/boatshampoo1.jpg 806w, https:\/\/cdn.bollerup-jensen.dk\/wp-content\/uploads\/2017\/08\/boatshampoo1-300x64.jpg 300w, https:\/\/cdn.bollerup-jensen.dk\/wp-content\/uploads\/2017\/08\/boatshampoo1-768x165.jpg 768w, https:\/\/cdn.bollerup-jensen.dk\/wp-content\/uploads\/2017\/08\/boatshampoo1-600x129.jpg 600w\" sizes=\"(max-width: 806px) 100vw, 806px\" \/><\/p>\n<h5>DOSERING<\/h5>\n<p>Omrystes f\u00f8r brug.<\/p>\n<ul>\n<li>Alm. vask af b\u00e5d: ca. 1 dl B\u00e5dshampoo til 5 liter varmt eller lunkent vand.<\/li>\n<\/ul>\n<p>Doseringen kan \u00e6ndres i forhold til tilsmudsningsgraden.<\/p>\n<h5>BRUGSANVISNING<\/h5>\n<ul>\n<li>B\u00e5dshampooen blandes med varmt eller lunkent vand.<\/li>\n<li>Blandingen p\u00e5f\u00f8res med svamp svaber, skrubbe eller b\u00f8rste.<\/li>\n<li>B\u00e5dshampooen tager det meste snavs, og kan efterf\u00f8lgende skylles af med vand. Din b\u00e5d efterlades nu b\u00e5de ren og skinnende.<\/li>\n<li>Det bedste resultat opn\u00e5s, hvis reng\u00f8ringen foretages en dag hvor der ikke er h\u00f8j solskin, da s\u00e6ben ellers vil t\u00f8rre, inden den tr\u00e6nger ind og g\u00f8r arbejdet.<\/li>\n<\/ul>\n","protected":false},"excerpt":{"rendered":"<p>Vores super effektive og milj\u00f8venlige b\u00e5dshampoo med voks renser effektivt b\u00e5den ren for snavs og skidt. Shampooen er yderst velegnet til vask og reng\u00f8ring og efterlader en skinnende ren b\u00e5d. Brug den sammen med vores <a href=\"https:\/\/bollerup-jensen.dk\/shop\/produkt\/boatboy-baadpolering\/\">B\u00e5dpolering<\/a>\u00a0for et endnu flottere resultat.<\/p>\n","protected":false},"featured_media":5769,"template":"","meta":{"_acf_changed":false},"product_brand":[],"product_cat":[420,409],"product_tag":[],"class_list":{"0":"post-2581","1":"product","2":"type-product","3":"status-publish","4":"has-post-thumbnail","6":"product_cat-baadpleje","7":"product_cat-bil-og-baad","8":"pa_antal-liter-1-liter","10":"first","11":"instock","12":"taxable","13":"shipping-taxable","14":"purchasable","15":"product-type-simple"},"acf":[],"_links":{"self":[{"href":"https:\/\/bollerup-jensen.dk\/shop\/wp-json\/wp\/v2\/product\/2581","targetHints":{"allow":["GET"]}}],"collection":[{"href":"https:\/\/bollerup-jensen.dk\/shop\/wp-json\/wp\/v2\/product"}],"about":[{"href":"https:\/\/bollerup-jensen.dk\/shop\/wp-json\/wp\/v2\/types\/product"}],"wp:featuredmedia":[{"embeddable":true,"href":"https:\/\/bollerup-jensen.dk\/shop\/wp-json\/wp\/v2\/media\/5769"}],"wp:attachment":[{"href":"https:\/\/bollerup-jensen.dk\/shop\/wp-json\/wp\/v2\/media?parent=2581"}],"wp:term":[{"taxonomy":"product_brand","embeddable":true,"href":"https:\/\/bollerup-jensen.dk\/shop\/wp-json\/wp\/v2\/product_brand?post=2581"},{"taxonomy":"product_cat","embeddable":true,"href":"https:\/\/bollerup-jensen.dk\/shop\/wp-json\/wp\/v2\/product_cat?post=2581"},{"taxonomy":"product_tag","embeddable":true,"href":"https:\/\/bollerup-jensen.dk\/shop\/wp-json\/wp\/v2\/product_tag?post=2581"}],"curies":[{"name":"wp","href":"https:\/\/api.w.org\/{rel}","templated":true}]}}