{"id":2587,"date":"2017-09-22T00:00:00","date_gmt":"2017-09-21T22:00:00","guid":{"rendered":"https:\/\/bollerup-jensen.dk\/shop\/produkter\/Ikke%20kategoriseret\/natrium-vandglas-3740\/"},"modified":"2026-04-18T04:25:11","modified_gmt":"2026-04-18T02:25:11","slug":"natrium-vandglas-3740","status":"publish","type":"product","link":"https:\/\/bollerup-jensen.dk\/shop\/produkt\/vandglas\/natrium-vandglas\/natrium-vandglas-3740\/","title":{"rendered":"Natrium Vandglas 37\/40 2,5 L"},"content":{"rendered":"<p><em>Opbevares utilg\u00e6ngeligt for b\u00f8rn.<\/em><\/p>\n<h5>117 ANVENDELSER AF VANDGLAS<\/h5>\n<p>Lige s\u00e5 mange varianter der kan fremstilles af vandglas, lige s\u00e5 mange anvendelsesmuligheder er der af produktet. Vores Natrium Vandglas 37\/40 er i super kvalitet og kan blandt andet bruges til betongulve, betonst\u00f8bninger, stabilisering af jord, som t\u00e6tningsmiddel til tunneller, keramik og v\u00e6gge. Men det er absolut kun fantasien, der s\u00e6tter gr\u00e6nser.<\/p>\n<h5>INDHOLD<\/h5>\n<p>2,5 liter Natrium silikat 37\/40<br \/>\nKoncentreret v\u00e6ske<br \/>\npH ca. 12<\/p>\n<h5>ADVARSEL<\/h5>\n<p><em>Hvis der er brug for l\u00e6gehj\u00e6lp, medbring da beholderen eller etiketten. M\u00e5 ikke komme i kontakt med \u00f8jne, hud eller t\u00f8j. B\u00e6r beskyttelsehandsker\/beskyttelsest\u00f8j, \u00f8jenbeskyttelse\/ansigtsbeskyttelse) VED KONTAKT MED HUDEN (eller h\u00e5ret):<\/em><br \/>\n<em> Tilsmudset t\u00f8j tages straks af\/fjernes. Skyl (eller brus) huden med vand. VED KONTAKT MED \u00d8JNENE: Skyl forsigtigt med vand i flere minutter. Fjern eventuelle kontaktlinser, hvis det kan g\u00f8res let. Forts\u00e6t skylning. S\u00f8ge l\u00e6gehj\u00e6lp ved ubehag.<\/em><\/p>\n","protected":false},"excerpt":{"rendered":"<p>Bollerup Jensen Natrium Vandglas 37\/40 er fremstillet ved at smelte sand med en tilpasset m\u00e6ngde natriumkarbonat, som giver glas. Dette glas opl\u00f8ses i vand under h\u00f8j temperatur og tryk og bliver til sidst til vores velkendte vandglas.<\/p>\n","protected":false},"featured_media":3226,"template":"","meta":{"_acf_changed":false},"product_brand":[],"product_cat":[421],"product_tag":[],"class_list":{"0":"post-2587","1":"product","2":"type-product","3":"status-publish","4":"has-post-thumbnail","6":"product_cat-natrium-vandglas","7":"pa_antal-liter-1-liter","8":"pa_antal-liter-25-liter","9":"pa_antal-liter-25-liter-lithium-vandglas","11":"first","12":"instock","13":"taxable","14":"shipping-taxable","15":"purchasable","16":"product-type-simple"},"acf":[],"_links":{"self":[{"href":"https:\/\/bollerup-jensen.dk\/shop\/wp-json\/wp\/v2\/product\/2587","targetHints":{"allow":["GET"]}}],"collection":[{"href":"https:\/\/bollerup-jensen.dk\/shop\/wp-json\/wp\/v2\/product"}],"about":[{"href":"https:\/\/bollerup-jensen.dk\/shop\/wp-json\/wp\/v2\/types\/product"}],"wp:featuredmedia":[{"embeddable":true,"href":"https:\/\/bollerup-jensen.dk\/shop\/wp-json\/wp\/v2\/media\/3226"}],"wp:attachment":[{"href":"https:\/\/bollerup-jensen.dk\/shop\/wp-json\/wp\/v2\/media?parent=2587"}],"wp:term":[{"taxonomy":"product_brand","embeddable":true,"href":"https:\/\/bollerup-jensen.dk\/shop\/wp-json\/wp\/v2\/product_brand?post=2587"},{"taxonomy":"product_cat","embeddable":true,"href":"https:\/\/bollerup-jensen.dk\/shop\/wp-json\/wp\/v2\/product_cat?post=2587"},{"taxonomy":"product_tag","embeddable":true,"href":"https:\/\/bollerup-jensen.dk\/shop\/wp-json\/wp\/v2\/product_tag?post=2587"}],"curies":[{"name":"wp","href":"https:\/\/api.w.org\/{rel}","templated":true}]}}