{"id":2597,"date":"2018-03-28T00:00:00","date_gmt":"2018-03-27T22:00:00","guid":{"rendered":"https:\/\/bollerup-jensen.dk\/shop\/produkter\/Ikke%20kategoriseret\/fliseimpraegnering-r2u\/"},"modified":"2026-04-09T04:24:01","modified_gmt":"2026-04-09T02:24:01","slug":"fliseimpraegnering-r2u","status":"publish","type":"product","link":"https:\/\/bollerup-jensen.dk\/shop\/produkt\/terrasse\/flisebehandling\/fliseimpraegnering-r2u\/","title":{"rendered":"Fliseimpr\u00e6gnering (Klar til brug)"},"content":{"rendered":"<p><em>Opbevares utilg\u00e6ngeligt for b\u00f8rn.<\/em><\/p>\n<h5>HURTIGERE, BEDRE OG MERE EFFEKTIV<\/h5>\n<p>Fliseimpr\u00e6gnering klar-til-brug beskytter fliserne mod nye bel\u00e6gninger og alger og styrker flisernes overflade mod slid og brug, og derfor kan den flotte terrasse, indk\u00f8rsel eller sti holde i mange flere \u00e5r. Vi anbefaler, at du inden brug af vores fliseimpr\u00e6gnering, f\u00f8rst renser fliserne med vores effektive <a href=\"https:\/\/bollerup-jensen.dk\/shop\/produkt\/fliserens\/\">Bollerup Jensen Fliserens<\/a>, da dette giver et flottere resultat.<\/p>\n<h5>INDHOLD<\/h5>\n<p>2,5 liter fliseimpr\u00e6gnering klar til brug.<br \/>\nSilikat 5-15%<\/p>\n<p><img fetchpriority=\"high\" decoding=\"async\" class=\"alignnone wp-image-15404 size-full\" src=\"https:\/\/bollerup-jensen.dk\/shop\/wp-content\/uploads\/2017\/01\/fliseimpraegnering-konc.jpg\" alt=\"\" width=\"708\" height=\"173\" srcset=\"https:\/\/cdn.bollerup-jensen.dk\/wp-content\/uploads\/2017\/01\/fliseimpraegnering-konc.jpg 708w, https:\/\/cdn.bollerup-jensen.dk\/wp-content\/uploads\/2017\/01\/fliseimpraegnering-konc-300x73.jpg 300w, https:\/\/cdn.bollerup-jensen.dk\/wp-content\/uploads\/2017\/01\/fliseimpraegnering-konc-600x147.jpg 600w\" sizes=\"(max-width: 708px) 100vw, 708px\" \/><\/p>\n<h5>BRUGSANVISNING<\/h5>\n<p><em><strong>Fliseimpr\u00e6gneringen er klar til brug med det samme.<\/strong><\/em><\/p>\n<ul>\n<li>Fliserne renses f\u00f8rst grundigt med Bollerup Jensen Fliserens, s\u00e5 der ikke er rester af bel\u00e6gninger og snavs p\u00e5 fliserne.<\/li>\n<li>Fliserne skal v\u00e6re helt t\u00f8rre, f\u00f8r Fliseimpr\u00e6gnering klar-til-brug p\u00e5f\u00f8res.<\/li>\n<li>Fliseimpr\u00e6gnering klar-til-brug r\u00e6kker helt op til 25 m2 \u2013 afh\u00e6ngig af flisernes sugeevne.<\/li>\n<li>P\u00e5f\u00f8r fliseimpr\u00e6gneringen med en havespr\u00f8jte eller lignende. Hvis der ligger for meget impr\u00e6gnering i pytter\/s\u00f8er, fordeles disse med en kost eller pensel.<\/li>\n<li>Hvis en st\u00f8rre effekt \u00f8nskes, kan fliserne impr\u00e6gneres to gange. Til dette anbefaler vi, at der ventes 24 timer inden anden behandling gives med Fliseimpr\u00e6gnering klar-til-brug.<\/li>\n<li>Husk altid at foretage pr\u00f8veopstr\u00f8g for kontrol af overfladen og produktets forenelighed.<\/li>\n<\/ul>\n<p>Vi har lavet en guide der viser dig hvordan du <a href=\"https:\/\/bollerup-jensen.dk\/shop\/hjaelp-og-vejledning\/hvordan-impraegnerer-jeg-mine-fliser\/\">nemt impr\u00e6gnerer dine fliser<\/a>.<\/p>\n<h5>VIGTIGT<\/h5>\n<p>Undg\u00e5 at p\u00e5f\u00f8re produktet p\u00e5 glas og metal, samt overflader der ikke kan suge produktet. Hvis uheldet er ude, skal de ber\u00f8rte omr\u00e5der hurtigt afvaskes med varmt vand. Fliser der er behandlet med algebek\u00e6mpelsesmiddel b\u00f8r skylles grundig f\u00f8r behandling med Bollerup Jensen Fliseimpr\u00e6gnering klar-til-brug. Fliserne kan betr\u00e6des efter ca. en time. Det er vigtigt, at fliserne ikke uds\u00e6ttes for regn og vand de f\u00f8rste 12-24 timer. <em>Alt anvendt udstyr skylles grundigt med varmt vand efter brug. Produktet m\u00e5 ikke udledes til kloak. Tom emballage og produktrester, skal afleveres til den kommunale affaldsordning for farligt affald.<\/em><\/p>\n<p>Efter en impr\u00e6gnering af fliserne, vil fliserne synes m\u00f8rkere i 4-6 uger, inden fliserne f\u00e5r deres egen farve igen. Hvidudtr\u00e6k kan i sj\u00e6ldne tilf\u00e6lde forekomme p\u00e5 alle former for beton og betonfliser.<\/p>\n<h5>ADVARSEL<\/h5>\n<p>For\u00e5rsager hudirritation. For\u00e5rsager alvorlig \u00f8jenirritation. Hvis der er brug for l\u00e6gehj\u00e6lp, medbring da beholderen eller etiketten. Opbevares utilg\u00e6ngeligt for b\u00f8rn. B\u00e6r beskyttelseshandsker\/\u00f8jenbeskyttelse. VED KONTAKT MED HUDEN (eller h\u00e5ret): Tilsmudset t\u00f8j tages straks af\/fjernes. Skyl [eller brus] huden med vand. VED KONTAKT MED \u00d8JNENE: Skyl forsigtigt med vand i flere minutter. Fjern eventuelle kontaktlinser, hvis dette kan g\u00f8res let. Forts\u00e6t skylning.\u00a0 Indholdet\/beholderen bortskaffes i overensstemmelse med lokale forskrifter.<\/p>\n<h3>Se hvordan du behandler med fliseimpr\u00e6gnering<\/h3>\n<div style=\"width: 640px;\" class=\"wp-video\"><video class=\"wp-video-shortcode\" id=\"video-2597-1\" width=\"640\" height=\"360\" preload=\"metadata\" controls=\"controls\"><source type=\"video\/mp4\" src=\"https:\/\/bollerup-jensen.dk\/shop\/wp-content\/uploads\/video.mp4?_=1\" \/><a href=\"https:\/\/bollerup-jensen.dk\/shop\/wp-content\/uploads\/video.mp4\">https:\/\/bollerup-jensen.dk\/shop\/wp-content\/uploads\/video.mp4<\/a><\/video><\/div>\n<p>&nbsp;<\/p>\n","protected":false},"excerpt":{"rendered":"<p><img decoding=\"async\" class=\"alignnone wp-image-11102\" src=\"https:\/\/bollerup-jensen.dk\/shop\/wp-content\/uploads\/2017\/01\/svanen-1.jpg\" alt=\"\" width=\"84\" height=\"76\" \/><\/p>\n<p>Vores Fliseimpr\u00e6gnering er nu udviklet i en klar-til-brug version, som kan bruges direkte fra dunken. Du skal blot h\u00e6lde produktet over i en havespr\u00f8jte og spr\u00f8jte den direkte p\u00e5 betonfliserne.<\/p>\n","protected":false},"featured_media":20459,"template":"","meta":{"_acf_changed":false},"product_brand":[],"product_cat":[412],"product_tag":[],"class_list":{"0":"post-2597","1":"product","2":"type-product","3":"status-publish","4":"has-post-thumbnail","6":"product_cat-flisebehandling","7":"pa_antal-liter-25-liter","8":"pa_antal-liter-5-liter","9":"pa_antal-liter-10-liter","11":"first","12":"instock","13":"taxable","14":"shipping-taxable","15":"purchasable","16":"product-type-variable","17":"has-default-attributes"},"acf":[],"_links":{"self":[{"href":"https:\/\/bollerup-jensen.dk\/shop\/wp-json\/wp\/v2\/product\/2597","targetHints":{"allow":["GET"]}}],"collection":[{"href":"https:\/\/bollerup-jensen.dk\/shop\/wp-json\/wp\/v2\/product"}],"about":[{"href":"https:\/\/bollerup-jensen.dk\/shop\/wp-json\/wp\/v2\/types\/product"}],"wp:featuredmedia":[{"embeddable":true,"href":"https:\/\/bollerup-jensen.dk\/shop\/wp-json\/wp\/v2\/media\/20459"}],"wp:attachment":[{"href":"https:\/\/bollerup-jensen.dk\/shop\/wp-json\/wp\/v2\/media?parent=2597"}],"wp:term":[{"taxonomy":"product_brand","embeddable":true,"href":"https:\/\/bollerup-jensen.dk\/shop\/wp-json\/wp\/v2\/product_brand?post=2597"},{"taxonomy":"product_cat","embeddable":true,"href":"https:\/\/bollerup-jensen.dk\/shop\/wp-json\/wp\/v2\/product_cat?post=2597"},{"taxonomy":"product_tag","embeddable":true,"href":"https:\/\/bollerup-jensen.dk\/shop\/wp-json\/wp\/v2\/product_tag?post=2597"}],"curies":[{"name":"wp","href":"https:\/\/api.w.org\/{rel}","templated":true}]}}