{"id":2603,"date":"2018-03-28T00:00:00","date_gmt":"2018-03-27T22:00:00","guid":{"rendered":"https:\/\/bollerup-jensen.dk\/shop\/produkter\/Ikke%20kategoriseret\/fliseimpraegnering-hvid-r2u\/"},"modified":"2026-03-11T12:02:30","modified_gmt":"2026-03-11T11:02:30","slug":"fliseimpraegnering-hvid-r2u","status":"publish","type":"product","link":"https:\/\/bollerup-jensen.dk\/shop\/produkt\/terrasse\/flisebehandling\/fliseimpraegnering-hvid-r2u\/","title":{"rendered":"Fliseimpr\u00e6gnering Lys (Klar til brug)"},"content":{"rendered":"<p><em>Opbevares utilg\u00e6ngeligt for b\u00f8rn.<\/em><\/p>\n<h5>MODERNE OG LYSE FLISER<\/h5>\n<p>Vores Fliseimpr\u00e6gnering Lys klar-til-brug er lige s\u00e5 effektiv og nem at bruge, som vores almindelige <a href=\"https:\/\/bollerup-jensen.dk\/shop\/produkt\/terrasse\/flisebehandling\/fliseimpraegnering-r2u\/\">Fliseimpr\u00e6gnering.<\/a>\u00a0 For at opn\u00e5 det flotteste resultat, anbefaler vi, at fliserne f\u00f8rst renses grundigt med vores effektive<a href=\"https:\/\/bollerup-jensen.dk\/shop\/produkt\/fliserens\/\">\u00a0Bollerup Jensen Fliserens<\/a>.<\/p>\n<h5>INDHOLD<\/h5>\n<p>2,5 liter fliseimpr\u00e6gnering klar til brug.<br \/>\nSilikat &lt;30%<br \/>\nTitandioxid<\/p>\n<p><img fetchpriority=\"high\" decoding=\"async\" class=\"alignnone wp-image-15404 size-full\" src=\"https:\/\/bollerup-jensen.dk\/shop\/wp-content\/uploads\/2017\/01\/fliseimpraegnering-konc.jpg\" alt=\"\" width=\"708\" height=\"173\" srcset=\"https:\/\/cdn.bollerup-jensen.dk\/wp-content\/uploads\/2017\/01\/fliseimpraegnering-konc.jpg 708w, https:\/\/cdn.bollerup-jensen.dk\/wp-content\/uploads\/2017\/01\/fliseimpraegnering-konc-300x73.jpg 300w, https:\/\/cdn.bollerup-jensen.dk\/wp-content\/uploads\/2017\/01\/fliseimpraegnering-konc-600x147.jpg 600w\" sizes=\"(max-width: 708px) 100vw, 708px\" \/><\/p>\n<h5>BRUGSANVISNING<\/h5>\n<p><em><strong>Fliseimpr\u00e6gnering Lys er klar til brug med det samme.<\/strong><\/em><\/p>\n<ul>\n<li>Fliserne renses f\u00f8rst grundigt med Bollerup Jensen Fliserens, s\u00e5 der ikke er rester af bel\u00e6gninger og snavs p\u00e5 fliserne.<\/li>\n<li>Fliserne skal v\u00e6re helt t\u00f8rre, f\u00f8r Fliseimpr\u00e6gnering lys klar-til-brug p\u00e5f\u00f8res.<\/li>\n<li>Fliseimpr\u00e6gnering Lys klar-til-brug r\u00e6kker helt op til 15 m2 \u2013 afh\u00e6ngig af flisernes sugeevne.<\/li>\n<li>P\u00e5f\u00f8r fliseimpr\u00e6gneringen med en havespr\u00f8jte eller lignende. Hvis der ligger for meget impr\u00e6gnering i pytter\/s\u00f8er, fordeles disse med en kost eller pensel.\u00a0Resultatet kan ses med det samme.<\/li>\n<li>Hvis en hvidere flise \u00f8nskes, anbefaler vi, at der ventes 24 timer, inden n\u00e6ste behandling gives med Fliseimpr\u00e6gnering Lys klar-til-brug.<\/li>\n<li>Husk altid at foretage pr\u00f8veopstr\u00f8g for kontrol af overfladen og produktets forenelighed.<\/li>\n<\/ul>\n<p>Vi har lavet en guide der viser dig hvordan du <a href=\"https:\/\/bollerup-jensen.dk\/shop\/hjaelp-og-vejledning\/hvordan-impraegnerer-jeg-mine-fliser\/\">nemt impr\u00e6gnerer dine fliser<\/a>.<\/p>\n<h5>VIGTIGT<\/h5>\n<p>Undg\u00e5 at p\u00e5f\u00f8re produktet p\u00e5 glas og metal, samt overflader der ikke kan suge produktet. Hvis uheldet er ude, skal de ber\u00f8rte omr\u00e5der hurtigt afvaskes med varmt vand. Fliser der er behandlet med algebek\u00e6mpelsesmiddel b\u00f8r skylles grundig f\u00f8r behandling med Bollerup Jensen Fliseimpr\u00e6gnering Lys klar-til-brug. Fliserne kan betr\u00e6des efter ca. en time. Det er vigtigt, at fliserne ikke uds\u00e6ttes for regn og vand de f\u00f8rste 12-24 timer. <em>Alt anvendt udstyr skylles grundigt med varmt vand efter brug. Produktet m\u00e5 ikke udledes til kloak. Tom emballage og produktrester, skal afleveres til den kommunale affaldsordning for farligt affald.<\/em><\/p>\n<h5>ADVARSEL<\/h5>\n<p>For\u00e5rsager hudirritation. For\u00e5rsager alvorlig \u00f8jenirritation. Hvis der er brug for l\u00e6gehj\u00e6lp, medbring da beholderen eller etiketten. VED KONTAKT MED HUDEN: Vask med rigeligt vand og s\u00e6be. VED KONTAKT MED \u00d8JNENE: Skyl forsigtigt med vand i flere minutter. Fjern eventuelle kontaktlinser, hvis dette kan g\u00f8res let. Forts\u00e6t skylning. B\u00e6r beskyttelseshandsker\/\u00f8jenbeskyttelse. S\u00f8g l\u00e6gehj\u00e6lp ved ubehag. Opbevares utilg\u00e6ngelig for b\u00f8rn.<\/p>\n<h3>Se hvordan du behandler med fliseimpr\u00e6gnering<\/h3>\n<div style=\"width: 640px;\" class=\"wp-video\"><video class=\"wp-video-shortcode\" id=\"video-2603-1\" width=\"640\" height=\"360\" preload=\"metadata\" controls=\"controls\"><source type=\"video\/mp4\" src=\"https:\/\/bollerup-jensen.dk\/shop\/wp-content\/uploads\/video.mp4?_=1\" \/><a href=\"https:\/\/bollerup-jensen.dk\/shop\/wp-content\/uploads\/video.mp4\">https:\/\/bollerup-jensen.dk\/shop\/wp-content\/uploads\/video.mp4<\/a><\/video><\/div>\n<p>&nbsp;<\/p>\n","protected":false},"excerpt":{"rendered":"<p>Fliseimpr\u00e6gnering Lys klar-til-brug giver flotte lyse betonfliser med det samme! Vores Fliseimpr\u00e6gnering Lys er klar til brug lige fra dunken, og du kan se resultatet med det samme, du bruger produktet. Flisernes udseende bliver betydeligt lysere, og det er muligt at give fliserne flere behandlinger, hvis man \u00f8nsker en endnu lysere betonflise.<\/p>\n","protected":false},"featured_media":19586,"template":"","meta":{"_acf_changed":false},"product_brand":[],"product_cat":[412],"product_tag":[],"class_list":{"0":"post-2603","1":"product","2":"type-product","3":"status-publish","4":"has-post-thumbnail","6":"product_cat-flisebehandling","7":"pa_antal-liter-10-liter","8":"pa_antal-liter-25-liter","9":"pa_antal-liter-5-liter","11":"first","12":"outofstock","13":"taxable","14":"shipping-taxable","15":"product-type-variable"},"acf":[],"_links":{"self":[{"href":"https:\/\/bollerup-jensen.dk\/shop\/wp-json\/wp\/v2\/product\/2603","targetHints":{"allow":["GET"]}}],"collection":[{"href":"https:\/\/bollerup-jensen.dk\/shop\/wp-json\/wp\/v2\/product"}],"about":[{"href":"https:\/\/bollerup-jensen.dk\/shop\/wp-json\/wp\/v2\/types\/product"}],"wp:featuredmedia":[{"embeddable":true,"href":"https:\/\/bollerup-jensen.dk\/shop\/wp-json\/wp\/v2\/media\/19586"}],"wp:attachment":[{"href":"https:\/\/bollerup-jensen.dk\/shop\/wp-json\/wp\/v2\/media?parent=2603"}],"wp:term":[{"taxonomy":"product_brand","embeddable":true,"href":"https:\/\/bollerup-jensen.dk\/shop\/wp-json\/wp\/v2\/product_brand?post=2603"},{"taxonomy":"product_cat","embeddable":true,"href":"https:\/\/bollerup-jensen.dk\/shop\/wp-json\/wp\/v2\/product_cat?post=2603"},{"taxonomy":"product_tag","embeddable":true,"href":"https:\/\/bollerup-jensen.dk\/shop\/wp-json\/wp\/v2\/product_tag?post=2603"}],"curies":[{"name":"wp","href":"https:\/\/api.w.org\/{rel}","templated":true}]}}