{"id":2638,"date":"2018-09-17T00:00:00","date_gmt":"2018-09-16T22:00:00","guid":{"rendered":"https:\/\/bollerup-jensen.dk\/shop\/produkter\/Ikke%20kategoriseret\/traebehandling-trin-2\/"},"modified":"2026-04-15T04:23:49","modified_gmt":"2026-04-15T02:23:49","slug":"traebeskyttelse","status":"publish","type":"product","link":"https:\/\/bollerup-jensen.dk\/shop\/produkt\/terrasse\/traebehandling\/traebeskyttelse\/","title":{"rendered":"Tr\u00e6beskyttelse"},"content":{"rendered":"<p><em>Opbevares utilg\u00e6ngeligt for b\u00f8rn.<\/em><\/p>\n<h5>F\u00c5 UDSEENDET MED<\/h5>\n<p>Efter Tr\u00e6behandling er det helt oplagt at bruge vores Tr\u00e6beskyttelse, som giver overfladen en vandafvisende effekt. Effekten kan ses allerede ved f\u00f8rste regnvejrsdag, eller hvis der spildes v\u00e6sker p\u00e5 tr\u00e6overfladen. Husk at bruge <a href=\"https:\/\/bollerup-jensen.dk\/shop\/produkter\/udendoers\/traebehandling\/traebehandling\/\">Bollerup Jensen Tr\u00e6behandling<\/a>, inden behandling med denne.<\/p>\n<h5>INDHOLD<\/h5>\n<p>2,5 liter v\u00e6ske klar til brug<\/p>\n<p>Indeholder chlormethylisothiazolinon og methylisothiazolinon (3:1). Kan udl\u00f8se allergisk reaktion.<\/p>\n<h5>BRUGSANVISNING<\/h5>\n<ul>\n<li>Tr\u00e6overfladen behandles f\u00f8rst med Bollerup Jensen Tr\u00e6behandling, inden Tr\u00e6beskyttelse anvendes p\u00e5 tr\u00e6et. Det anbefales at der g\u00e5r minimum 24 timer mellem de to behandlinger.<\/li>\n<li>Overfladen skal v\u00e6re fast og t\u00f8r, f\u00f8r tr\u00e6bekyttelsen anvendes.<\/li>\n<li>Tr\u00e6beskyttelsen er klar til brug, og kan derfor anvendes direkte fra dunken. Husk at omryste produktet inden brug. Ved hj\u00e6lp af en pensel eller malerrulle, fordeles tr\u00e6beskyttelsen p\u00e5 tr\u00e6et.<\/li>\n<li>Tr\u00e6beskyttelsen gives kun \u00e9n gang.<\/li>\n<li>Lad tr\u00e6beskyttelsen tr\u00e6kke helt ned i tr\u00e6et, f\u00f8r det betr\u00e6des eller ber\u00f8res.<\/li>\n<\/ul>\n<p>Vi har lavet en guide der viser hvordan du <a href=\"https:\/\/bollerup-jensen.dk\/shop\/hjaelp-og-vejledning\/videoguide-til-behandling-af-traeterrassen\/\">nemt renser din terrasse<\/a>.<\/p>\n<h5>VIGTIGT<\/h5>\n<p>Husk altid at foretage en kontrol af overfladen og produktets forenelighed. Undg\u00e5 at p\u00e5f\u00f8re produktet p\u00e5 glas, metal og beton, samt overflader der ikke kan suge produktet. Hvis uheldet er ude, skal de ber\u00f8rte omr\u00e5der hurtigt afvaskes med varmt vand. V\u00e6r opm\u00e6rksom p\u00e5, at behandling med malerrulle kan spr\u00f8jte p\u00e5 u\u00f8nskede omr\u00e5der. Efter endt behandling med Tr\u00e6beskyttelse, kan det behandlede omr\u00e5de benyttes efter 3-4 timer, og omr\u00e5det er h\u00e6rdet helt efter 1-2 dage. Den anbefalede p\u00e5f\u00f8ringstemperatur er 10-25<sup>o<\/sup>C og ikke i direkte sol. Alt anvendt udstyr skylles grundigt med varmt vand efter brug.<\/p>\n<h5>SIKKERHED<\/h5>\n<p>Hvis der er brug for l\u00e6gehj\u00e6lp, medbring da beholderen eller etiketten. Indholdet\/beholderen bortskaffes i henhold til lokale affaldsregulativer. Sikkerhedsdatablad kan p\u00e5 anmodning rekvireres.<\/p>\n","protected":false},"excerpt":{"rendered":"<p>En nem og effektiv efterbehandling til Tr\u00e6behandling, som g\u00f8r den nye s\u00f8lvgr\u00e5 tr\u00e6overflade vandafvisende. En enkel behandling er nok!<\/p>\n<p>2,5 L Tr\u00e6beskyttelse r\u00e6kker op til 20 kvm.<\/p>\n<p><img decoding=\"async\" class=\"alignnone size-full wp-image-16992\" src=\"https:\/\/bollerup-jensen.dk\/shop\/wp-content\/uploads\/2021\/02\/Helt-naturligt-e1613030661979.png\" alt=\"\" width=\"65\" height=\"65\" \/> \u00a0<img decoding=\"async\" class=\"alignnone size-full wp-image-17002\" src=\"https:\/\/bollerup-jensen.dk\/shop\/wp-content\/uploads\/2017\/01\/Recycle-1-e1613031048213.png\" alt=\"\" width=\"65\" height=\"65\" \/><\/p>\n","protected":false},"featured_media":17092,"template":"","meta":{"_acf_changed":false},"product_brand":[],"product_cat":[414],"product_tag":[],"class_list":{"0":"post-2638","1":"product","2":"type-product","3":"status-publish","4":"has-post-thumbnail","6":"product_cat-traebehandling","7":"pa_antal-liter-25-liter","8":"pa_antal-liter-5-liter","10":"first","11":"instock","12":"taxable","13":"shipping-taxable","14":"purchasable","15":"product-type-variable","16":"has-default-attributes"},"acf":[],"_links":{"self":[{"href":"https:\/\/bollerup-jensen.dk\/shop\/wp-json\/wp\/v2\/product\/2638","targetHints":{"allow":["GET"]}}],"collection":[{"href":"https:\/\/bollerup-jensen.dk\/shop\/wp-json\/wp\/v2\/product"}],"about":[{"href":"https:\/\/bollerup-jensen.dk\/shop\/wp-json\/wp\/v2\/types\/product"}],"wp:featuredmedia":[{"embeddable":true,"href":"https:\/\/bollerup-jensen.dk\/shop\/wp-json\/wp\/v2\/media\/17092"}],"wp:attachment":[{"href":"https:\/\/bollerup-jensen.dk\/shop\/wp-json\/wp\/v2\/media?parent=2638"}],"wp:term":[{"taxonomy":"product_brand","embeddable":true,"href":"https:\/\/bollerup-jensen.dk\/shop\/wp-json\/wp\/v2\/product_brand?post=2638"},{"taxonomy":"product_cat","embeddable":true,"href":"https:\/\/bollerup-jensen.dk\/shop\/wp-json\/wp\/v2\/product_cat?post=2638"},{"taxonomy":"product_tag","embeddable":true,"href":"https:\/\/bollerup-jensen.dk\/shop\/wp-json\/wp\/v2\/product_tag?post=2638"}],"curies":[{"name":"wp","href":"https:\/\/api.w.org\/{rel}","templated":true}]}}