{"id":3158,"date":"2019-01-08T14:41:56","date_gmt":"2019-01-08T13:41:56","guid":{"rendered":"https:\/\/bollerup-jensen.dk\/shop\/?post_type=product&#038;p=3158"},"modified":"2026-04-18T04:25:10","modified_gmt":"2026-04-18T02:25:10","slug":"kalium-vandglas-4009","status":"publish","type":"product","link":"https:\/\/bollerup-jensen.dk\/shop\/produkt\/vandglas\/kalium-vandglas\/kalium-vandglas-4009\/","title":{"rendered":"Kalium Vandglas 4009 2,5 L"},"content":{"rendered":"<p><em>Opbevares utilg\u00e6ngeligt for b\u00f8rn.<\/em><\/p>\n<h5>INDHOLD<\/h5>\n<p>2,5 liter Kalium Vandglas 4009<br \/>\npH-v\u00e6rdi ca. 13<\/p>\n<p><img fetchpriority=\"high\" decoding=\"async\" class=\"alignnone wp-image-15452 size-full\" src=\"https:\/\/bollerup-jensen.dk\/shop\/wp-content\/uploads\/2019\/01\/kalium-vandglas.jpg\" alt=\"\" width=\"708\" height=\"161\" srcset=\"https:\/\/cdn.bollerup-jensen.dk\/wp-content\/uploads\/2019\/01\/kalium-vandglas.jpg 708w, https:\/\/cdn.bollerup-jensen.dk\/wp-content\/uploads\/2019\/01\/kalium-vandglas-300x68.jpg 300w, https:\/\/cdn.bollerup-jensen.dk\/wp-content\/uploads\/2019\/01\/kalium-vandglas-600x136.jpg 600w\" sizes=\"(max-width: 708px) 100vw, 708px\" \/><\/p>\n<p><strong>Massefylde<\/strong>: 1,4 g\/ml<\/p>\n<h5>DOSERING<\/h5>\n<p>Vandglas fortyndes i vand.<br \/>\nDosering og opl\u00f8sning justeres efter overflade og form\u00e5l.<\/p>\n<h5>ADVARSEL<\/h5>\n<p>For\u00e5rsager hudirritation. For\u00e5rsager alvorlig \u00f8jenirritation. M\u00e5 ikke komme i kontakt med \u00f8jne, hud og t\u00f8j. B\u00e6r beskyttelseshandsker\/beskyttelsest\u00f8j, \u00f8jenbeskyttelse\/ansigtsbeskyttelse. VED KONTAKT MED HUDEN (eller h\u00e5ret): Tilsmudset t\u00f8j tages straks af\/fjernes. Skyl (eller brus) huden med vand. VED KONTAKT MED \u00d8JNENE: Skyl forsigtigt med vand i flere minutter. Fjern eventuelle kontaktlinser, hvis det kan g\u00f8res let. Forts\u00e6t skylning. S\u00f8g l\u00e6gehj\u00e6lp ved ubehag. Opbevares utilg\u00e6ngeligt for b\u00f8rn. Ved brug for l\u00e6gehj\u00e6lp, medbring da beholderen eller etiketten.<\/p>\n","protected":false},"excerpt":{"rendered":"<p>Kalium Vandglas 4009 er et alsidigt uorganisk kemikalie, der fremstilles ved smeltning af sand med kaliumkarbonat. Konsistensen er tyktflydende, og v\u00e6sken er klar.<\/p>\n","protected":false},"featured_media":5771,"template":"","meta":{"_acf_changed":false},"product_brand":[],"product_cat":[422,410],"product_tag":[],"class_list":{"0":"post-3158","1":"product","2":"type-product","3":"status-publish","4":"has-post-thumbnail","6":"product_cat-kalium-vandglas","7":"product_cat-vandglas","8":"pa_antal-liter-25-liter","10":"first","11":"instock","12":"taxable","13":"shipping-taxable","14":"purchasable","15":"product-type-simple"},"acf":[],"_links":{"self":[{"href":"https:\/\/bollerup-jensen.dk\/shop\/wp-json\/wp\/v2\/product\/3158","targetHints":{"allow":["GET"]}}],"collection":[{"href":"https:\/\/bollerup-jensen.dk\/shop\/wp-json\/wp\/v2\/product"}],"about":[{"href":"https:\/\/bollerup-jensen.dk\/shop\/wp-json\/wp\/v2\/types\/product"}],"wp:featuredmedia":[{"embeddable":true,"href":"https:\/\/bollerup-jensen.dk\/shop\/wp-json\/wp\/v2\/media\/5771"}],"wp:attachment":[{"href":"https:\/\/bollerup-jensen.dk\/shop\/wp-json\/wp\/v2\/media?parent=3158"}],"wp:term":[{"taxonomy":"product_brand","embeddable":true,"href":"https:\/\/bollerup-jensen.dk\/shop\/wp-json\/wp\/v2\/product_brand?post=3158"},{"taxonomy":"product_cat","embeddable":true,"href":"https:\/\/bollerup-jensen.dk\/shop\/wp-json\/wp\/v2\/product_cat?post=3158"},{"taxonomy":"product_tag","embeddable":true,"href":"https:\/\/bollerup-jensen.dk\/shop\/wp-json\/wp\/v2\/product_tag?post=3158"}],"curies":[{"name":"wp","href":"https:\/\/api.w.org\/{rel}","templated":true}]}}