{"id":3209,"date":"2019-02-01T09:01:38","date_gmt":"2019-02-01T08:01:38","guid":{"rendered":"https:\/\/bollerup-jensen.dk\/shop\/?post_type=product&#038;p=3209"},"modified":"2026-04-17T04:19:03","modified_gmt":"2026-04-17T02:19:03","slug":"allround-rens","status":"publish","type":"product","link":"https:\/\/bollerup-jensen.dk\/shop\/produkt\/terrasse\/udendoersrens\/allround-rens\/","title":{"rendered":"Allround Rens 2,5 L"},"content":{"rendered":"<p><em>Allround Rens opbevares utilg\u00e6ngelig for b\u00f8rn.<\/em><\/p>\n<h5>INDHOLD ALLROUND RENS<\/h5>\n<p>2,5 liter Allround Rens.<br \/>\nS\u00e6be 5-15%<br \/>\nTensider &lt;5%<br \/>\npH v\u00e6rdi ca. 10<br \/>\nOpbevares i original emballage, t\u00e6t lukket, t\u00f8rt og frostfrit.<\/p>\n<h5>BRUGSANVISNING<\/h5>\n<ul>\n<li>Bland 1 dl Allround Rens med 2 liter vand. Brug evt. lunken vand. Blandes grundigt inden brug. En korrekt dosering er billigere og minimerer milj\u00f8belastningen. Ved s\u00e6rligt snavsede omr\u00e5der, kan der i stedet anvendes en dosering med 1 dl Allround Rens med 1 liter vand.<\/li>\n<li>S\u00e6ben p\u00e5f\u00f8res med h\u00e5ndspr\u00f8jte, h\u00f8jtryksrenser eller b\u00f8rste. Brug en b\u00f8rste eller svamp til at komme godt ind i alle samlinger og spr\u00e6kker.<\/li>\n<li>Lad s\u00e6ben virke i op til 15-20 minutter, og skrub derefter med en b\u00f8rste, mens s\u00e6ben skylles v\u00e6k med vand.<\/li>\n<\/ul>\n<h5>VIGTIGT<\/h5>\n<p>Det er bedst at foretage reng\u00f8ringen af overfladen uden direkte sollys, s\u00e5 s\u00e6ben ikke t\u00f8rrer ind og dermed er sv\u00e6rere at skylle af. Brug egnede beskyttelseshandsker. Brugsopl\u00f8sningen kan bortskaffes i den lokale spildevandsrensning (almindelig kloak). <em>Alt anvendt udstyr skylles med vand efter brug.<\/em><\/p>\n<p><a href=\"https:\/\/bollerup-jensen.dk\/shop\/produkter\/udendoers\/flisebehandling\/fliserens\/\">Hvis du i stedet s\u00f8ger en effektiv rens til fliser, s\u00e5 har vi fundet vores Fliserens frem til dig lige her<\/a>.<\/p>\n","protected":false},"excerpt":{"rendered":"<p>Vores nye Allround Rens er en effektiv og alsidig afrenser og vask til hele huset, herunder alle vaskbare overflader og materialer. Den kan f.eks. anvendes til murv\u00e6rk, trapper, fliser, klinker, facader, tag, vinduer, tr\u00e6v\u00e6rk, hegn og havem\u00f8bler.<\/p>\n","protected":false},"featured_media":17610,"template":"","meta":{"_acf_changed":false},"product_brand":[],"product_cat":[407,415],"product_tag":[],"class_list":{"0":"post-3209","1":"product","2":"type-product","3":"status-publish","4":"has-post-thumbnail","6":"product_cat-terrasse","7":"product_cat-udendoersrens","8":"pa_antal-liter-25-liter","10":"first","11":"instock","12":"taxable","13":"shipping-taxable","14":"purchasable","15":"product-type-simple"},"acf":[],"_links":{"self":[{"href":"https:\/\/bollerup-jensen.dk\/shop\/wp-json\/wp\/v2\/product\/3209","targetHints":{"allow":["GET"]}}],"collection":[{"href":"https:\/\/bollerup-jensen.dk\/shop\/wp-json\/wp\/v2\/product"}],"about":[{"href":"https:\/\/bollerup-jensen.dk\/shop\/wp-json\/wp\/v2\/types\/product"}],"wp:featuredmedia":[{"embeddable":true,"href":"https:\/\/bollerup-jensen.dk\/shop\/wp-json\/wp\/v2\/media\/17610"}],"wp:attachment":[{"href":"https:\/\/bollerup-jensen.dk\/shop\/wp-json\/wp\/v2\/media?parent=3209"}],"wp:term":[{"taxonomy":"product_brand","embeddable":true,"href":"https:\/\/bollerup-jensen.dk\/shop\/wp-json\/wp\/v2\/product_brand?post=3209"},{"taxonomy":"product_cat","embeddable":true,"href":"https:\/\/bollerup-jensen.dk\/shop\/wp-json\/wp\/v2\/product_cat?post=3209"},{"taxonomy":"product_tag","embeddable":true,"href":"https:\/\/bollerup-jensen.dk\/shop\/wp-json\/wp\/v2\/product_tag?post=3209"}],"curies":[{"name":"wp","href":"https:\/\/api.w.org\/{rel}","templated":true}]}}