{"id":4991,"date":"2019-06-04T14:22:33","date_gmt":"2019-06-04T12:22:33","guid":{"rendered":"https:\/\/bollerup-jensen.dk\/shop\/?post_type=product&#038;p=4991"},"modified":"2026-04-30T04:33:43","modified_gmt":"2026-04-30T02:33:43","slug":"skuresvampe-10-stk","status":"publish","type":"product","link":"https:\/\/bollerup-jensen.dk\/shop\/produkt\/gulve\/tilbehoer-indendoers\/skuresvampe-10-stk\/","title":{"rendered":"Skuresvampe 10 stk."},"content":{"rendered":"<h5>TIP<\/h5>\n<p>Skyl skuresvampen b\u00e5de f\u00f8r og efter brug for at forl\u00e6nge svampens levetid.<\/p>\n<p><strong>Antal<\/strong>: 10 stk.<br \/>\n<strong>St\u00f8rrelse<\/strong>: 89 x 58 x 29 mm<br \/>\n<strong>Materiale overdel<\/strong>: 50% sisal (plantefiber) og 50% genbrugsfiber (syntetiske)<br \/>\n<strong>Materiale underdel<\/strong>: Polyether, sort melange<\/p>\n<h5>VIGTIGT<\/h5>\n<p>M\u00e5 ikke bruges p\u00e5 blankpolerede overflader<\/p>\n","protected":false},"excerpt":{"rendered":"<p>Kvalitets skuresvampe med en skureflade produceret af naturfiber og genbrugsmaterialer. Reng\u00f8rer effektivt overflader, som t\u00e5ler skuring, som eksempelvis gryder, pander og stridig snavs p\u00e5 tallerkener.<\/p>\n<p>S\u00e6lges i en pakke af 10 stk.<\/p>\n","protected":false},"featured_media":18069,"template":"","meta":{"_acf_changed":false},"product_brand":[],"product_cat":[408,456],"product_tag":[],"class_list":{"0":"post-4991","1":"product","2":"type-product","3":"status-publish","4":"has-post-thumbnail","6":"product_cat-gulve","7":"product_cat-tilbehoer-indendoers","9":"first","10":"instock","11":"taxable","12":"shipping-taxable","13":"purchasable","14":"product-type-simple"},"acf":[],"_links":{"self":[{"href":"https:\/\/bollerup-jensen.dk\/shop\/wp-json\/wp\/v2\/product\/4991","targetHints":{"allow":["GET"]}}],"collection":[{"href":"https:\/\/bollerup-jensen.dk\/shop\/wp-json\/wp\/v2\/product"}],"about":[{"href":"https:\/\/bollerup-jensen.dk\/shop\/wp-json\/wp\/v2\/types\/product"}],"wp:featuredmedia":[{"embeddable":true,"href":"https:\/\/bollerup-jensen.dk\/shop\/wp-json\/wp\/v2\/media\/18069"}],"wp:attachment":[{"href":"https:\/\/bollerup-jensen.dk\/shop\/wp-json\/wp\/v2\/media?parent=4991"}],"wp:term":[{"taxonomy":"product_brand","embeddable":true,"href":"https:\/\/bollerup-jensen.dk\/shop\/wp-json\/wp\/v2\/product_brand?post=4991"},{"taxonomy":"product_cat","embeddable":true,"href":"https:\/\/bollerup-jensen.dk\/shop\/wp-json\/wp\/v2\/product_cat?post=4991"},{"taxonomy":"product_tag","embeddable":true,"href":"https:\/\/bollerup-jensen.dk\/shop\/wp-json\/wp\/v2\/product_tag?post=4991"}],"curies":[{"name":"wp","href":"https:\/\/api.w.org\/{rel}","templated":true}]}}