{"id":5325,"date":"2019-08-19T12:40:58","date_gmt":"2019-08-19T10:40:58","guid":{"rendered":"https:\/\/bollerup-jensen.dk\/shop\/?post_type=product&#038;p=5325"},"modified":"2026-03-31T11:46:21","modified_gmt":"2026-03-31T09:46:21","slug":"mikrofiberklude-2-stk","status":"publish","type":"product","link":"https:\/\/bollerup-jensen.dk\/shop\/produkt\/diverse\/skopleje\/mikrofiberklude-2-stk\/","title":{"rendered":"Mikrofiberklude 2 stk."},"content":{"rendered":"<p>Bollerup Jensens Mikrofiberklude er i super bl\u00f8d kvalitet og har en unik sugeevne. Og s\u00e5 er de effektive til fedt og indt\u00f8rret snavs.<\/p>\n<h5>TIP<\/h5>\n<p>Vask kludene inden brug.<\/p>\n<p><strong>Antal<\/strong>: 2 stk. pr. pk.<br \/>\n<strong>St\u00f8rrelse<\/strong>: 32 x 32 cm<br \/>\n<strong>Materiale<\/strong>: 80% polyester, 20% polyamid.<br \/>\nVaskes ved 60 grader.<\/p>\n","protected":false},"excerpt":{"rendered":"<p>Vores bl\u00f8de mikrofiberklude s\u00e6lges i 2-pak og er yderst velegnede til overflader, der fortjener en n\u00f8jsom reng\u00f8ring. Blandt andet til bilpleje, b\u00e5d, cykler, motorcykler og andre blanke overflader. Mikrofiberkludene kan desuden bruges i den daglige reng\u00f8ring sammen med blandt andet vores S\u00e6besp\u00e5ner eller vores Flydende Brun S\u00e6be, hvor en mikrofiberklud foretr\u00e6kkes fremfor vores universalklude uden mikroplast.<\/p>\n","protected":false},"featured_media":18064,"template":"","meta":{"_acf_changed":false},"product_brand":[],"product_cat":[586,457,456,408,411],"product_tag":[],"class_list":{"0":"post-5325","1":"product","2":"type-product","3":"status-publish","4":"has-post-thumbnail","6":"product_cat-bilpleje","7":"product_cat-skopleje","8":"product_cat-tilbehoer-indendoers","9":"product_cat-gulve","10":"product_cat-diverse","12":"first","13":"instock","14":"taxable","15":"shipping-taxable","16":"purchasable","17":"product-type-simple"},"acf":[],"_links":{"self":[{"href":"https:\/\/bollerup-jensen.dk\/shop\/wp-json\/wp\/v2\/product\/5325","targetHints":{"allow":["GET"]}}],"collection":[{"href":"https:\/\/bollerup-jensen.dk\/shop\/wp-json\/wp\/v2\/product"}],"about":[{"href":"https:\/\/bollerup-jensen.dk\/shop\/wp-json\/wp\/v2\/types\/product"}],"wp:featuredmedia":[{"embeddable":true,"href":"https:\/\/bollerup-jensen.dk\/shop\/wp-json\/wp\/v2\/media\/18064"}],"wp:attachment":[{"href":"https:\/\/bollerup-jensen.dk\/shop\/wp-json\/wp\/v2\/media?parent=5325"}],"wp:term":[{"taxonomy":"product_brand","embeddable":true,"href":"https:\/\/bollerup-jensen.dk\/shop\/wp-json\/wp\/v2\/product_brand?post=5325"},{"taxonomy":"product_cat","embeddable":true,"href":"https:\/\/bollerup-jensen.dk\/shop\/wp-json\/wp\/v2\/product_cat?post=5325"},{"taxonomy":"product_tag","embeddable":true,"href":"https:\/\/bollerup-jensen.dk\/shop\/wp-json\/wp\/v2\/product_tag?post=5325"}],"curies":[{"name":"wp","href":"https:\/\/api.w.org\/{rel}","templated":true}]}}