{"id":5778,"date":"2020-01-20T11:03:15","date_gmt":"2020-01-20T10:03:15","guid":{"rendered":"https:\/\/bollerup-jensen.dk\/shop\/?post_type=product&#038;p=5778"},"modified":"2026-04-17T04:19:16","modified_gmt":"2026-04-17T02:19:16","slug":"flydende-saebespaaner-1-l","status":"publish","type":"product","link":"https:\/\/bollerup-jensen.dk\/shop\/produkt\/gulve\/flydende-saebespaaner-1-l\/","title":{"rendered":"Flydende S\u00e6besp\u00e5ner 1 L"},"content":{"rendered":"<p><em>Opbevares utilg\u00e6ngeligt for b\u00f8rn.<\/em><\/p>\n<h5>INDHOLD<\/h5>\n<p>S\u00e6be 15-30%, pH ca. 9,5 i brugsopl\u00f8sningen. (Fatty Acid, Palmoil), Citric Acid, Aqua, Potassium Hydroxide, Potassium Chloride.<\/p>\n<h5>DOSERING<\/h5>\n<p>Omrystes f\u00f8r brug. Reng\u00f8ring + Vask i h\u00e5nden: 1\/2 dl Flydende S\u00e6besp\u00e5ner til 10 liter varmt vand. MASKINVASK: 1\/2 dl Flydende S\u00e6besp\u00e5ner i s\u00e6beskuffen eller s\u00e6bebolden. TR\u00c6M\u00d8BLER: 1 1\/2 dl Flydende S\u00e6besp\u00e5ner til 10 liter vand. Ved bl\u00f8dgjort vand, kan doseringen halveres.<\/p>\n<h5>BRUGSANVISNING<\/h5>\n<p>S\u00e6ben blandes med varmt vand. Meget snavset t\u00f8j kan l\u00e6gges i bl\u00f8d i ca. 15 minutter, hvis farven t\u00e5ler det. Uld og silke b\u00f8r aldrig l\u00e6gges i bl\u00f8d.<\/p>\n<p><strong>Islandsk uld, spinde uld og lign. der ikke m\u00e5 affedtes:<\/strong> Vaskes i rigeligt h\u00e5ndvarmt vand (30-40C). Vaskevandet trykkes gennem t\u00f8jet. Undg\u00e5 gnidning, da dette kan give filtning af ulden. Skyl t\u00f8jet grundigt (min. 3 gange) i h\u00e5ndvarmt rent vand. Centrifug\u00e9r t\u00f8jet eller lad det ligge i ca. 2 timer. Tr\u00e6k strikvarer i facon og bred dem ud p\u00e5 et t\u00f8rt h\u00e5ndkl\u00e6de. Strikvarer i uld m\u00e5 aldrig t\u00f8rre i solen, ved st\u00e6rk varme eller i\u00a0 t\u00f8rretumbler.<\/p>\n<p><strong>Smykker<\/strong>: Reng\u00f8res med s\u00e6bevand og en bl\u00f8d b\u00f8rste. Skyl efter med lunkent vand og pol\u00e9r med en bl\u00f8d klud.<\/p>\n<p><strong>Gulve<\/strong>: Bliver efterh\u00e5nden fedtede af for meget s\u00e6bevand. Her kan der af og til vaskes med et universalt reng\u00f8ringsmiddel, hvorefter der igen vaskes med s\u00e6bevand.<\/p>\n<p><strong>Ubehandlede tr\u00e6m\u00f8bler og l\u00e6der<\/strong>: Reng\u00f8res og plejes bedst med s\u00e6bevand.<\/p>\n","protected":false},"excerpt":{"rendered":"<p>Vi har gjort vores popul\u00e6re s\u00e6besp\u00e5ner endnu nemmere at arbejde med! Flydende s\u00e6besp\u00e5ner er specielt velegnet til l\u00e6der, uldvask og farve\u00e6gte bomuld. Flydende s\u00e6besp\u00e5ner er lige s\u00e5 gode som vores almindelige s\u00e6besp\u00e5ner i flager, men er langt nemmere at r\u00f8re ud og opl\u00f8se i vandet, hvilket g\u00f8r dem hurtigere at arbejde med.<\/p>\n","protected":false},"featured_media":20319,"template":"","meta":{"_acf_changed":false},"product_brand":[],"product_cat":[408,417],"product_tag":[],"class_list":{"0":"post-5778","1":"product","2":"type-product","3":"status-publish","4":"has-post-thumbnail","6":"product_cat-gulve","7":"product_cat-husholdning","9":"first","10":"instock","11":"taxable","12":"shipping-taxable","13":"purchasable","14":"product-type-simple"},"acf":[],"_links":{"self":[{"href":"https:\/\/bollerup-jensen.dk\/shop\/wp-json\/wp\/v2\/product\/5778","targetHints":{"allow":["GET"]}}],"collection":[{"href":"https:\/\/bollerup-jensen.dk\/shop\/wp-json\/wp\/v2\/product"}],"about":[{"href":"https:\/\/bollerup-jensen.dk\/shop\/wp-json\/wp\/v2\/types\/product"}],"wp:featuredmedia":[{"embeddable":true,"href":"https:\/\/bollerup-jensen.dk\/shop\/wp-json\/wp\/v2\/media\/20319"}],"wp:attachment":[{"href":"https:\/\/bollerup-jensen.dk\/shop\/wp-json\/wp\/v2\/media?parent=5778"}],"wp:term":[{"taxonomy":"product_brand","embeddable":true,"href":"https:\/\/bollerup-jensen.dk\/shop\/wp-json\/wp\/v2\/product_brand?post=5778"},{"taxonomy":"product_cat","embeddable":true,"href":"https:\/\/bollerup-jensen.dk\/shop\/wp-json\/wp\/v2\/product_cat?post=5778"},{"taxonomy":"product_tag","embeddable":true,"href":"https:\/\/bollerup-jensen.dk\/shop\/wp-json\/wp\/v2\/product_tag?post=5778"}],"curies":[{"name":"wp","href":"https:\/\/api.w.org\/{rel}","templated":true}]}}